{"id":2113,"date":"2022-09-06T18:52:04","date_gmt":"2022-09-06T21:52:04","guid":{"rendered":"http:\/\/www.emporioamazonervas.com.br\/?post_type=product&#038;p=2113"},"modified":"2023-06-02T03:16:51","modified_gmt":"2023-06-02T06:16:51","slug":"xilitol-adocante-natural-300g-sanavita","status":"publish","type":"product","link":"https:\/\/www.emporioamazonervas.com.br\/index.php\/produto\/xilitol-adocante-natural-300g-sanavita\/","title":{"rendered":"Xilitol Ado\u00e7ante Natural 300g &#8211; Sanavita"},"content":{"rendered":"<p style=\"text-align: justify\">Xylitol \u00e9 um ado\u00e7ante anticariog\u00eanico natural, com o mesmo dul\u00e7or do a\u00e7\u00facar, mas com aproximadamente metade de suas calorias.<\/p>\n<p>Por suas caracter\u00edsticas, \u00e9 indicado para diab\u00e9ticos e para pessoas que buscam um estilo de vida mais saud\u00e1vel, inclusive crian\u00e7as.<\/p>\n<p>\u00c9 uma excelente alternativa para reduzir as calorias e o consumo de a\u00e7\u00facar e de ado\u00e7antes artificiais.<\/p>\n<p>Xylitol n\u00e3o deixa sabor residual, e por ado\u00e7ar igual ao a\u00e7\u00facar \u00e9 \u00f3timo e f\u00e1cil de ser utilizado em bebidas e alimentos, al\u00e9m de receitas culin\u00e1rias frias ou quentes, pois o aquecimento n\u00e3o ocasiona altera\u00e7\u00e3o de sabor.<\/p>\n<p>&nbsp;<\/p>\n<p>&#8211; N\u00c3O CONT\u00c9M GL\u00daTEN.<\/p>\n<p>&#8211; N\u00c3O CONT\u00c9M A\u00c7\u00daCARES.<\/p>\n","protected":false},"excerpt":{"rendered":"<p>Xylitol \u00e9 um ado\u00e7ante anticariog\u00eanico natural, com o mesmo dul\u00e7or do a\u00e7\u00facar, mas com aproximadamente<a class=\"read-more\" href=\"https:\/\/www.emporioamazonervas.com.br\/index.php\/produto\/xilitol-adocante-natural-300g-sanavita\/\">&#8230;<\/a><\/p>\n","protected":false},"featured_media":2177,"comment_status":"open","ping_status":"closed","template":"","meta":[],"product_cat":[196],"product_tag":[201,208,636,124],"_links":{"self":[{"href":"https:\/\/www.emporioamazonervas.com.br\/index.php\/wp-json\/wp\/v2\/product\/2113"}],"collection":[{"href":"https:\/\/www.emporioamazonervas.com.br\/index.php\/wp-json\/wp\/v2\/product"}],"about":[{"href":"https:\/\/www.emporioamazonervas.com.br\/index.php\/wp-json\/wp\/v2\/types\/product"}],"replies":[{"embeddable":true,"href":"https:\/\/www.emporioamazonervas.com.br\/index.php\/wp-json\/wp\/v2\/comments?post=2113"}],"wp:featuredmedia":[{"embeddable":true,"href":"https:\/\/www.emporioamazonervas.com.br\/index.php\/wp-json\/wp\/v2\/media\/2177"}],"wp:attachment":[{"href":"https:\/\/www.emporioamazonervas.com.br\/index.php\/wp-json\/wp\/v2\/media?parent=2113"}],"wp:term":[{"taxonomy":"product_cat","embeddable":true,"href":"https:\/\/www.emporioamazonervas.com.br\/index.php\/wp-json\/wp\/v2\/product_cat?post=2113"},{"taxonomy":"product_tag","embeddable":true,"href":"https:\/\/www.emporioamazonervas.com.br\/index.php\/wp-json\/wp\/v2\/product_tag?post=2113"}],"curies":[{"name":"wp","href":"https:\/\/api.w.org\/{rel}","templated":true}]}}