{"id":2111,"date":"2022-09-06T18:45:05","date_gmt":"2022-09-06T21:45:05","guid":{"rendered":"http:\/\/www.emporioamazonervas.com.br\/?post_type=product&#038;p=2111"},"modified":"2022-09-16T16:26:38","modified_gmt":"2022-09-16T19:26:38","slug":"colageno-skin-neutro-300g-sanavita","status":"publish","type":"product","link":"https:\/\/www.emporioamazonervas.com.br\/index.php\/produto\/colageno-skin-neutro-300g-sanavita\/","title":{"rendered":"Col\u00e1geno Skin Neutro 300g &#8211; Sanavita"},"content":{"rendered":"<p style=\"text-align: justify\">Sua f\u00f3rmula combina pept\u00eddeos ativos de col\u00e1geno de alta absor\u00e7\u00e3o e proced\u00eancia, e inclui um complexo de vitaminas e minerais (vitamina A, C, E e zinco) com a\u00e7\u00e3o antioxidante e precursora de col\u00e1geno.<\/p>\n<p style=\"text-align: justify\">Seus benef\u00edcios foram potencializados com a adi\u00e7\u00e3o de niacinamida, a forma amida da niacina, que vem marcando presen\u00e7a cada vez mais constante em produtos de alta tecnologia. Re\u00fane propriedades para a manuten\u00e7\u00e3o da pele que tem o poder de torn\u00e1-la ainda mais radiante de dentro para fora.<\/p>\n<ul style=\"text-align: justify\">\n<li>Vitamina A contribui para a manuten\u00e7\u00e3o da pele;<\/li>\n<li>Vitamina C auxilia na forma\u00e7\u00e3o do col\u00e1geno;<\/li>\n<li>O zinco contribui para a manuten\u00e7\u00e3o dos cabelos, da pele e das unhas;\n<ul>\n<li>As vitaminas C, E e o zinco s\u00e3o antioxidantes que auxiliam na prote\u00e7\u00e3o dos danos causados pelos radicais livres.<\/li>\n<\/ul>\n<\/li>\n<\/ul>\n<p style=\"text-align: justify\">&#8211; N\u00c3O CONT\u00c9M GL\u00daTEN.<\/p>\n","protected":false},"excerpt":{"rendered":"<p>Sua f\u00f3rmula combina pept\u00eddeos ativos de col\u00e1geno de alta absor\u00e7\u00e3o e proced\u00eancia, e inclui um<a class=\"read-more\" href=\"https:\/\/www.emporioamazonervas.com.br\/index.php\/produto\/colageno-skin-neutro-300g-sanavita\/\">&#8230;<\/a><\/p>\n","protected":false},"featured_media":2181,"comment_status":"open","ping_status":"closed","template":"","meta":[],"product_cat":[74],"product_tag":[316,52,520,556,555,557,112,113,114,115],"_links":{"self":[{"href":"https:\/\/www.emporioamazonervas.com.br\/index.php\/wp-json\/wp\/v2\/product\/2111"}],"collection":[{"href":"https:\/\/www.emporioamazonervas.com.br\/index.php\/wp-json\/wp\/v2\/product"}],"about":[{"href":"https:\/\/www.emporioamazonervas.com.br\/index.php\/wp-json\/wp\/v2\/types\/product"}],"replies":[{"embeddable":true,"href":"https:\/\/www.emporioamazonervas.com.br\/index.php\/wp-json\/wp\/v2\/comments?post=2111"}],"wp:featuredmedia":[{"embeddable":true,"href":"https:\/\/www.emporioamazonervas.com.br\/index.php\/wp-json\/wp\/v2\/media\/2181"}],"wp:attachment":[{"href":"https:\/\/www.emporioamazonervas.com.br\/index.php\/wp-json\/wp\/v2\/media?parent=2111"}],"wp:term":[{"taxonomy":"product_cat","embeddable":true,"href":"https:\/\/www.emporioamazonervas.com.br\/index.php\/wp-json\/wp\/v2\/product_cat?post=2111"},{"taxonomy":"product_tag","embeddable":true,"href":"https:\/\/www.emporioamazonervas.com.br\/index.php\/wp-json\/wp\/v2\/product_tag?post=2111"}],"curies":[{"name":"wp","href":"https:\/\/api.w.org\/{rel}","templated":true}]}}