{"id":2109,"date":"2022-09-06T15:45:17","date_gmt":"2022-09-06T18:45:17","guid":{"rendered":"http:\/\/www.emporioamazonervas.com.br\/?post_type=product&#038;p=2109"},"modified":"2022-09-16T16:33:22","modified_gmt":"2022-09-16T19:33:22","slug":"forcee-hair-and-nails-330g-sanavita","status":"publish","type":"product","link":"https:\/\/www.emporioamazonervas.com.br\/index.php\/produto\/forcee-hair-and-nails-330g-sanavita\/","title":{"rendered":"Forcee Hair and Nails 330g Neutro &#8211; Sanavita"},"content":{"rendered":"<p style=\"text-align: justify\">Forcee Hair and Nails \u00e9 um suplemento de col\u00e1geno criado especialmente para deixar seus cabelos e unhas mais fortes e renovados.<\/p>\n<p>Al\u00e9m do col\u00e1geno hidrolisado, que tamb\u00e9m tem atua\u00e7\u00e3o na pele, sua f\u00f3rmula exclusiva associa um complexo de vitaminas e minerais, que fazem a diferen\u00e7a para seus fios e unhas.<\/p>\n<p>Quais os principais ingredientes de Forcee\u00a0Hair and Nails que ajudam a nutri\u00e7\u00e3o da sua pele?<\/p>\n<p>\u2022 Col\u00e1geno hidrolisado na dosagem recomendada pelos estudos (10g)<\/p>\n<p>\u2022 Complexo vitam\u00ednico que re\u00fane ferro, cobre, zinco, biotina e \u00e1cido pantot\u00eanico<\/p>\n<p>\u2022 Vitamina C &#8211; poderoso antioxidante que tamb\u00e9m ajuda na forma\u00e7\u00e3o do col\u00e1geno.<\/p>\n<p><span class=\"b sanavita-m3-custom-0-x-strong sanavita-m3-custom-0-x-strong--poder-da-nutricao\">Se os seus cabelos e unhas est\u00e3o precisando de uma for\u00e7a extra, conhe\u00e7a este excelente parceiro para sua beleza, indicado para pessoas que sofrem com queda de cabelo, fios fracos e sem brilho, unhas fr\u00e1geis e quebradi\u00e7as.<\/span><\/p>\n","protected":false},"excerpt":{"rendered":"<p>Forcee Hair and Nails \u00e9 um suplemento de col\u00e1geno criado especialmente para deixar seus cabelos<a class=\"read-more\" href=\"https:\/\/www.emporioamazonervas.com.br\/index.php\/produto\/forcee-hair-and-nails-330g-sanavita\/\">&#8230;<\/a><\/p>\n","protected":false},"featured_media":2184,"comment_status":"open","ping_status":"closed","template":"","meta":[],"product_cat":[131],"product_tag":[308,52,298,556,555,557,142,139,140,113,271,115],"_links":{"self":[{"href":"https:\/\/www.emporioamazonervas.com.br\/index.php\/wp-json\/wp\/v2\/product\/2109"}],"collection":[{"href":"https:\/\/www.emporioamazonervas.com.br\/index.php\/wp-json\/wp\/v2\/product"}],"about":[{"href":"https:\/\/www.emporioamazonervas.com.br\/index.php\/wp-json\/wp\/v2\/types\/product"}],"replies":[{"embeddable":true,"href":"https:\/\/www.emporioamazonervas.com.br\/index.php\/wp-json\/wp\/v2\/comments?post=2109"}],"wp:featuredmedia":[{"embeddable":true,"href":"https:\/\/www.emporioamazonervas.com.br\/index.php\/wp-json\/wp\/v2\/media\/2184"}],"wp:attachment":[{"href":"https:\/\/www.emporioamazonervas.com.br\/index.php\/wp-json\/wp\/v2\/media?parent=2109"}],"wp:term":[{"taxonomy":"product_cat","embeddable":true,"href":"https:\/\/www.emporioamazonervas.com.br\/index.php\/wp-json\/wp\/v2\/product_cat?post=2109"},{"taxonomy":"product_tag","embeddable":true,"href":"https:\/\/www.emporioamazonervas.com.br\/index.php\/wp-json\/wp\/v2\/product_tag?post=2109"}],"curies":[{"name":"wp","href":"https:\/\/api.w.org\/{rel}","templated":true}]}}