{"id":2107,"date":"2022-09-03T11:21:06","date_gmt":"2022-09-03T14:21:06","guid":{"rendered":"http:\/\/www.emporioamazonervas.com.br\/?post_type=product&#038;p=2107"},"modified":"2022-09-16T16:25:14","modified_gmt":"2022-09-16T19:25:14","slug":"colageno-duo-balance-285g-sanavita","status":"publish","type":"product","link":"https:\/\/www.emporioamazonervas.com.br\/index.php\/produto\/colageno-duo-balance-285g-sanavita\/","title":{"rendered":"Col\u00e1geno Duo Balance 285g &#8211; Sanavita"},"content":{"rendered":"<p style=\"text-align: justify\">O Col\u00e1geno Duo Balance \u00e9 um suplemento que associa \u00e1cido hialur\u00f4nico aos dois col\u00e1genos mais recomendados por especialistas em um \u00fanico produto.<\/p>\n<p>Enquanto o col\u00e1geno Verisol ajuda a manter a estrutura, a firmeza e a elasticidade da pele, o col\u00e1geno hidrolisado de alta absor\u00e7\u00e3o, contribui para repor o col\u00e1geno perdido n\u00e3o apenas pela pele, mas tamb\u00e9m pelos ossos e articula\u00e7\u00f5es. O \u00e1cido hialur\u00f4nico \u00e9 um componente da pele que tem a produ\u00e7\u00e3o diminu\u00edda no organismo com o passar dos anos e \u00e9 a subst\u00e2ncia respons\u00e1vel por restaurar a estrutura e hidrata\u00e7\u00e3o da pele.<\/p>\n<p>O Col\u00e1geno Duo Balance oferece nutrientes importantes para pele, cabelo e unhas como:<\/p>\n<p>\u2022 Biotina<\/p>\n<p>\u2022 \u00c1cido pantot\u00eanico<\/p>\n<p>\u2022 Vitaminas A, C, E<\/p>\n<p>\u2022 Zinco<\/p>\n<p><span class=\"b sanavita-m3-custom-0-x-strong sanavita-m3-custom-0-x-strong--poder-da-nutricao\">Experimente essa combina\u00e7\u00e3o ideal e otimize resultados para o bem-estar do seu corpo.<\/span><\/p>\n","protected":false},"excerpt":{"rendered":"<p>O Col\u00e1geno Duo Balance \u00e9 um suplemento que associa \u00e1cido hialur\u00f4nico aos dois col\u00e1genos mais<a class=\"read-more\" href=\"https:\/\/www.emporioamazonervas.com.br\/index.php\/produto\/colageno-duo-balance-285g-sanavita\/\">&#8230;<\/a><\/p>\n","protected":false},"featured_media":2180,"comment_status":"open","ping_status":"closed","template":"","meta":[],"product_cat":[74],"product_tag":[542,308,554,89,556,555,557,178,112,113,114,115],"_links":{"self":[{"href":"https:\/\/www.emporioamazonervas.com.br\/index.php\/wp-json\/wp\/v2\/product\/2107"}],"collection":[{"href":"https:\/\/www.emporioamazonervas.com.br\/index.php\/wp-json\/wp\/v2\/product"}],"about":[{"href":"https:\/\/www.emporioamazonervas.com.br\/index.php\/wp-json\/wp\/v2\/types\/product"}],"replies":[{"embeddable":true,"href":"https:\/\/www.emporioamazonervas.com.br\/index.php\/wp-json\/wp\/v2\/comments?post=2107"}],"wp:featuredmedia":[{"embeddable":true,"href":"https:\/\/www.emporioamazonervas.com.br\/index.php\/wp-json\/wp\/v2\/media\/2180"}],"wp:attachment":[{"href":"https:\/\/www.emporioamazonervas.com.br\/index.php\/wp-json\/wp\/v2\/media?parent=2107"}],"wp:term":[{"taxonomy":"product_cat","embeddable":true,"href":"https:\/\/www.emporioamazonervas.com.br\/index.php\/wp-json\/wp\/v2\/product_cat?post=2107"},{"taxonomy":"product_tag","embeddable":true,"href":"https:\/\/www.emporioamazonervas.com.br\/index.php\/wp-json\/wp\/v2\/product_tag?post=2107"}],"curies":[{"name":"wp","href":"https:\/\/api.w.org\/{rel}","templated":true}]}}