{"id":2105,"date":"2022-09-03T11:08:08","date_gmt":"2022-09-03T14:08:08","guid":{"rendered":"http:\/\/www.emporioamazonervas.com.br\/?post_type=product&#038;p=2105"},"modified":"2023-06-02T02:50:28","modified_gmt":"2023-06-02T05:50:28","slug":"complete-whey-chocolate-suico-450g-sanavita","status":"publish","type":"product","link":"https:\/\/www.emporioamazonervas.com.br\/index.php\/produto\/complete-whey-chocolate-suico-450g-sanavita\/","title":{"rendered":"Complete Whey Chocolate Su\u00ed\u00e7o 450g &#8211; Sanavita"},"content":{"rendered":"<p style=\"text-align: justify\">Complete Whey \u00e9 uma combina\u00e7\u00e3o perfeita entre whey e col\u00e1geno, criada para complementar o cuidado com a massa muscular, articula\u00e7\u00f5es e pele.<\/p>\n<p>As prote\u00ednas do\u00a0<span class=\"i sanavita-m3-custom-0-x-italic sanavita-m3-custom-0-x-italic--poder-da-nutricao\">whey protein<\/span>\u00a0isolado e hidrolisado de r\u00e1pida metaboliza\u00e7\u00e3o, alta qualidade e pureza s\u00e3o obtidas pelo sofisticado m\u00e9todo\u00a0<span class=\"i sanavita-m3-custom-0-x-italic sanavita-m3-custom-0-x-italic--poder-da-nutricao\">cross-flow microfiltration<\/span>\u00a0de separa\u00e7\u00e3o e purifica\u00e7\u00e3o e est\u00e3o concentradas na dose di\u00e1ria de pept\u00eddeos de col\u00e1geno de alta absor\u00e7\u00e3o recomendada (Peptan\u00a0&#8211; 9 g por por\u00e7\u00e3o).<\/p>\n<p>Al\u00e9m do seu sabor incr\u00edvel, Complete Whey, oferece 24g de prote\u00ednas\/dose, naturalmente ricas em BCAA e glutamina. Cont\u00e9m tamb\u00e9m vitaminas e minerais com a\u00e7\u00e3o antioxidante e que atuam na forma\u00e7\u00e3o de m\u00fasculos e ossos.<\/p>\n<p><span class=\"b sanavita-m3-custom-0-x-strong sanavita-m3-custom-0-x-strong--poder-da-nutricao\">Se voc\u00ea \u00e9 praticante de atividades f\u00edsicas ou precisa de um aporte maior de prote\u00ednas em sua alimenta\u00e7\u00e3o, conhe\u00e7a esse delicioso e completo suplemento proteico.<\/span><\/p>\n","protected":false},"excerpt":{"rendered":"<p>Complete Whey \u00e9 uma combina\u00e7\u00e3o perfeita entre whey e col\u00e1geno, criada para complementar o cuidado<a class=\"read-more\" href=\"https:\/\/www.emporioamazonervas.com.br\/index.php\/produto\/complete-whey-chocolate-suico-450g-sanavita\/\">&#8230;<\/a><\/p>\n","protected":false},"featured_media":2182,"comment_status":"open","ping_status":"closed","template":"","meta":[],"product_cat":[497],"product_tag":[316,52,310,556,399,41],"_links":{"self":[{"href":"https:\/\/www.emporioamazonervas.com.br\/index.php\/wp-json\/wp\/v2\/product\/2105"}],"collection":[{"href":"https:\/\/www.emporioamazonervas.com.br\/index.php\/wp-json\/wp\/v2\/product"}],"about":[{"href":"https:\/\/www.emporioamazonervas.com.br\/index.php\/wp-json\/wp\/v2\/types\/product"}],"replies":[{"embeddable":true,"href":"https:\/\/www.emporioamazonervas.com.br\/index.php\/wp-json\/wp\/v2\/comments?post=2105"}],"wp:featuredmedia":[{"embeddable":true,"href":"https:\/\/www.emporioamazonervas.com.br\/index.php\/wp-json\/wp\/v2\/media\/2182"}],"wp:attachment":[{"href":"https:\/\/www.emporioamazonervas.com.br\/index.php\/wp-json\/wp\/v2\/media?parent=2105"}],"wp:term":[{"taxonomy":"product_cat","embeddable":true,"href":"https:\/\/www.emporioamazonervas.com.br\/index.php\/wp-json\/wp\/v2\/product_cat?post=2105"},{"taxonomy":"product_tag","embeddable":true,"href":"https:\/\/www.emporioamazonervas.com.br\/index.php\/wp-json\/wp\/v2\/product_tag?post=2105"}],"curies":[{"name":"wp","href":"https:\/\/api.w.org\/{rel}","templated":true}]}}