{"id":2103,"date":"2022-09-02T17:32:22","date_gmt":"2022-09-02T20:32:22","guid":{"rendered":"http:\/\/www.emporioamazonervas.com.br\/?post_type=product&#038;p=2103"},"modified":"2022-09-16T16:37:53","modified_gmt":"2022-09-16T19:37:53","slug":"kit-forcee-cabelos-unhas-sanavita","status":"publish","type":"product","link":"https:\/\/www.emporioamazonervas.com.br\/index.php\/produto\/kit-forcee-cabelos-unhas-sanavita\/","title":{"rendered":"Kit Forcee Cabelos e Unhas &#8211; Sanavita"},"content":{"rendered":"<p style=\"text-align: justify\">Pack Forcee Cabelos &amp; Unhas &#8211; Sanavita<br \/>\nForcee cabelos unhas \u00e9 um suplemento em c\u00e1psulas com uma potente combina\u00e7\u00e3o de nutrientes e antioxidantes para o fortalecimento e revitaliza\u00e7\u00e3o das unhas e fios de cabelo. Sua f\u00f3rmula concentrada cont\u00e9m l-ciste\u00edna, um amino\u00e1cido importante para uma estrutura da queratina, prote\u00edna que confere nutri\u00e7\u00e3o, resist\u00eancia e for\u00e7a aos cabelos e unhas. S\u00e3o 60mg de ciste\u00edna em uma \u00fanica parte, associada a mineral essencial para a sa\u00fade estruturas como o ferro, zinco, sel\u00eanio e cobre quelatos, chamados assim por possu\u00edrem um alto poder de absor\u00e7\u00e3o pelo organismo.<br \/>\nCada dose oferece tamb\u00e9m 222 das necessidades de vitamina c, que auxilia na forma\u00e7\u00e3o do col\u00e1geno, e 100 de vitaminas essenciais para os cabelos e unhas como a biotina, \u00e1cido pantot\u00eanico, tiamina e piridoxina.<\/p>\n<ul>\n<li style=\"text-align: justify\">N\u00e3o cont\u00e9m gl\u00faten.<\/li>\n<\/ul>\n","protected":false},"excerpt":{"rendered":"<p>Pack Forcee Cabelos &amp; Unhas &#8211; Sanavita Forcee cabelos unhas \u00e9 um suplemento em c\u00e1psulas<a class=\"read-more\" href=\"https:\/\/www.emporioamazonervas.com.br\/index.php\/produto\/kit-forcee-cabelos-unhas-sanavita\/\">&#8230;<\/a><\/p>\n","protected":false},"featured_media":2187,"comment_status":"open","ping_status":"closed","template":"","meta":[],"product_cat":[173],"product_tag":[316,308,52,555,557,113],"_links":{"self":[{"href":"https:\/\/www.emporioamazonervas.com.br\/index.php\/wp-json\/wp\/v2\/product\/2103"}],"collection":[{"href":"https:\/\/www.emporioamazonervas.com.br\/index.php\/wp-json\/wp\/v2\/product"}],"about":[{"href":"https:\/\/www.emporioamazonervas.com.br\/index.php\/wp-json\/wp\/v2\/types\/product"}],"replies":[{"embeddable":true,"href":"https:\/\/www.emporioamazonervas.com.br\/index.php\/wp-json\/wp\/v2\/comments?post=2103"}],"wp:featuredmedia":[{"embeddable":true,"href":"https:\/\/www.emporioamazonervas.com.br\/index.php\/wp-json\/wp\/v2\/media\/2187"}],"wp:attachment":[{"href":"https:\/\/www.emporioamazonervas.com.br\/index.php\/wp-json\/wp\/v2\/media?parent=2103"}],"wp:term":[{"taxonomy":"product_cat","embeddable":true,"href":"https:\/\/www.emporioamazonervas.com.br\/index.php\/wp-json\/wp\/v2\/product_cat?post=2103"},{"taxonomy":"product_tag","embeddable":true,"href":"https:\/\/www.emporioamazonervas.com.br\/index.php\/wp-json\/wp\/v2\/product_tag?post=2103"}],"curies":[{"name":"wp","href":"https:\/\/api.w.org\/{rel}","templated":true}]}}