{"id":2101,"date":"2022-09-02T17:08:33","date_gmt":"2022-09-02T20:08:33","guid":{"rendered":"http:\/\/www.emporioamazonervas.com.br\/?post_type=product&#038;p=2101"},"modified":"2022-09-16T16:03:45","modified_gmt":"2022-09-16T19:03:45","slug":"hyaluronic-verisol-premium-maracuja-com-abacaxi-20-saches-sanavita","status":"publish","type":"product","link":"https:\/\/www.emporioamazonervas.com.br\/index.php\/produto\/hyaluronic-verisol-premium-maracuja-com-abacaxi-20-saches-sanavita\/","title":{"rendered":"Hyaluronic Verisol Premium Maracuj\u00e1 com Abacaxi 20 sach\u00eas &#8211; Sanavita"},"content":{"rendered":"<p style=\"text-align: justify\">O \u00e1cido hialur\u00f4nico e o col\u00e1geno s\u00e3o componentes muito importantes da nossa pele, assim como o enxofre, que tamb\u00e9m faz parte da estrutura do cabelo e unhas. Hyaluronic Premium Maracuj\u00e1 com Abacaxi com Verisol d\u00e9 uma f\u00f3rmula com tecnologia avan\u00e7ada, com a maior concentra\u00e7\u00e3o de \u00e1cido hialur\u00f4nico biodispon\u00edvel (150mg) e metilsulfonilmetano \u2013 MSM (900mg), fonte natural e rica de enxofre, mat\u00e9ria-prima da queratina. Uma \u00fanica dose, cont\u00e9m tamb\u00e9m 100% das necessidades di\u00e1rias de vitaminas importantes como a biotina, \u00e1cido pantot\u00eanico e vitamina A, al\u00e9m de ser rico em micronutrientes com a\u00e7\u00e3o antioxidante, que combatem os radicais livres. Essa fus\u00e3o \u00fanica de nutrientes potencializa a nutri\u00e7\u00e3o da pele, cabelo e unhas de dentro para fora e traz resultados ainda mais efetivos.<\/p>\n<p style=\"text-align: justify\">\u2022 A vitamina C auxilia na forma\u00e7\u00e3o do col\u00e1geno.<br \/>\n\u2022 A vitamina A contribui para a manuten\u00e7\u00e3o da pele.<br \/>\n\u2022 O zinco e a biotina contribuem para a manuten\u00e7\u00e3o do cabelo e da pele e o zinco contribui tamb\u00e9m para a manuten\u00e7\u00e3o das unhas.<br \/>\n\u2022 As vitaminas C, E e o zinco s\u00e3o antioxidantes que auxiliam na prote\u00e7\u00e3o dos danos causados pelos radicais livres.<\/p>\n<p>Indicac\u0327a\u0303o:<\/p>\n<p>Peles ressecadas e\/ou com rugas, manchas e linhas de expressa\u0303o.<\/p>\n<p>Peles maduras que necessitam de um reforc\u0327o nutricional maior ou fotoenvelhecidas pela ac\u0327a\u0303o dos raios solares. Unhas fra\u0301geis e cabelos ressecados, enfraquecidos, propenso a queda.<\/p>\n<p>Pre\u0301 e po\u0301s procedimento este\u0301tico para melhorar hidratac\u0327a\u0303o da pele e ajudar na formac\u0327a\u0303o de cola\u0301geno.<\/p>\n<p class=\"style32 style1\"><strong>Vantagens \/ Benef\u00edcios:<\/strong><\/p>\n<ul class=\"style32 style1\">\n<li>Sa\u00fade da Pele, Cabelos e Unhas;<\/li>\n<li>A\u00e7\u00e3o Antioxidante;<\/li>\n<li>Tecnologia Avan\u00e7ada;<\/li>\n<li>Rico em Vitaminas e Minerais.<\/li>\n<\/ul>\n","protected":false},"excerpt":{"rendered":"<p>O \u00e1cido hialur\u00f4nico e o col\u00e1geno s\u00e3o componentes muito importantes da nossa pele, assim como<a class=\"read-more\" href=\"https:\/\/www.emporioamazonervas.com.br\/index.php\/produto\/hyaluronic-verisol-premium-maracuja-com-abacaxi-20-saches-sanavita\/\">&#8230;<\/a><\/p>\n","protected":false},"featured_media":2165,"comment_status":"open","ping_status":"closed","template":"","meta":[],"product_cat":[74,131],"product_tag":[542,316,308,554,310,520,556,555,557,305,114,399,115],"_links":{"self":[{"href":"https:\/\/www.emporioamazonervas.com.br\/index.php\/wp-json\/wp\/v2\/product\/2101"}],"collection":[{"href":"https:\/\/www.emporioamazonervas.com.br\/index.php\/wp-json\/wp\/v2\/product"}],"about":[{"href":"https:\/\/www.emporioamazonervas.com.br\/index.php\/wp-json\/wp\/v2\/types\/product"}],"replies":[{"embeddable":true,"href":"https:\/\/www.emporioamazonervas.com.br\/index.php\/wp-json\/wp\/v2\/comments?post=2101"}],"wp:featuredmedia":[{"embeddable":true,"href":"https:\/\/www.emporioamazonervas.com.br\/index.php\/wp-json\/wp\/v2\/media\/2165"}],"wp:attachment":[{"href":"https:\/\/www.emporioamazonervas.com.br\/index.php\/wp-json\/wp\/v2\/media?parent=2101"}],"wp:term":[{"taxonomy":"product_cat","embeddable":true,"href":"https:\/\/www.emporioamazonervas.com.br\/index.php\/wp-json\/wp\/v2\/product_cat?post=2101"},{"taxonomy":"product_tag","embeddable":true,"href":"https:\/\/www.emporioamazonervas.com.br\/index.php\/wp-json\/wp\/v2\/product_tag?post=2101"}],"curies":[{"name":"wp","href":"https:\/\/api.w.org\/{rel}","templated":true}]}}