{"id":2099,"date":"2022-09-02T16:55:58","date_gmt":"2022-09-02T19:55:58","guid":{"rendered":"http:\/\/www.emporioamazonervas.com.br\/?post_type=product&#038;p=2099"},"modified":"2022-09-16T16:40:26","modified_gmt":"2022-09-16T19:40:26","slug":"hyaluronic-verisol-cranberry-com-limao-sanavita","status":"publish","type":"product","link":"https:\/\/www.emporioamazonervas.com.br\/index.php\/produto\/hyaluronic-verisol-cranberry-com-limao-sanavita\/","title":{"rendered":"Hyaluronic Verisol Cranberry com Lim\u00e3o 30 Sach\u00eas &#8211; Sanavita"},"content":{"rendered":"<p style=\"text-align: justify\">O\u00a0\u00c1cido Hialur\u00f4nico\u00a0\u00e9 um componente importante e indispens\u00e1vel para a estrutura da pele, uma vez que preenche o espa\u00e7o entre as c\u00e9lulas, com o passar da idade sua quantidade diminui e assim a hidrata\u00e7\u00e3o e elasticidade da pele, o que contribui para o aparecimento de rugas e linhas de express\u00e3o. Assim sendo, \u00e9 necess\u00e1rio sua reposi\u00e7\u00e3o atrav\u00e9s de suplementos.<\/p>\n<p style=\"text-align: justify\">A Vitamina C juntamente com o Col\u00e1geno Verisol auxiliam na forma\u00e7\u00e3o do col\u00e1geno, auxiliando na manuten\u00e7\u00e3o do aspecto jovial da pele, j\u00e1 a Vitamina A corrobora para a sua manuten\u00e7\u00e3o.<\/p>\n<p style=\"text-align: justify\">A Vitamina E, C e Zinco s\u00e3o potentes antioxidantes, que protegem as c\u00e9lulas contra os efeitos nocivos dos radicais livres, que dentre dos v\u00e1rios malef\u00edcios, causam o envelhecimento precoce das c\u00e9lulas da pele.\u00a0O Zinco e Biotina, s\u00e3o respons\u00e1veis para manuten\u00e7\u00e3o do cabelo, pele e unhas.<\/p>\n<p style=\"text-align: justify\">Hyaluronic Verisol Sanavita re\u00fane em um \u00fanico produto, uma f\u00f3rmula inovadora, que combina \u00e1cido hialur\u00f4nico com m\u00e1xima absor\u00e7\u00e3o e biodisponibilidade,\u00a0al\u00e9m de Vitaminas A, C, E, B5, B7 e Zinco\u00a0que criam um ambiente positivo na forma\u00e7\u00e3o do col\u00e1geno e para manuten\u00e7\u00e3o da pele.<\/p>\n<p style=\"text-align: justify\">Vantagens \/ Benef\u00edcios:<\/p>\n<p style=\"text-align: justify\">Sa\u00fade da Pele, Cabelos e Unhas;<\/p>\n<p style=\"text-align: justify\">A\u00e7\u00e3o Antioxidante;<\/p>\n<p style=\"text-align: justify\">Tecnologia Avan\u00e7ada;<\/p>\n<p style=\"text-align: justify\">Rico em Vitaminas e Minerais;<\/p>\n<p style=\"text-align: justify\">Pele com Aspecto Jovial;<\/p>\n<p style=\"text-align: justify\">Tecnologia Inovadora;<\/p>\n<p style=\"text-align: justify\">Rico em \u00c1cido Hialur\u00f4nico e Col\u00e1geno Hidrolisado Verisol.<\/p>\n<p>&nbsp;<\/p>\n<p>&nbsp;<\/p>\n<p>&nbsp;<\/p>\n<p>&nbsp;<\/p>\n","protected":false},"excerpt":{"rendered":"<p>O\u00a0\u00c1cido Hialur\u00f4nico\u00a0\u00e9 um componente importante e indispens\u00e1vel para a estrutura da pele, uma vez que<a class=\"read-more\" href=\"https:\/\/www.emporioamazonervas.com.br\/index.php\/produto\/hyaluronic-verisol-cranberry-com-limao-sanavita\/\">&#8230;<\/a><\/p>\n","protected":false},"featured_media":2189,"comment_status":"open","ping_status":"closed","template":"","meta":[],"product_cat":[131,39],"product_tag":[542,316,554,556,555,557,112,635,113,114,115],"_links":{"self":[{"href":"https:\/\/www.emporioamazonervas.com.br\/index.php\/wp-json\/wp\/v2\/product\/2099"}],"collection":[{"href":"https:\/\/www.emporioamazonervas.com.br\/index.php\/wp-json\/wp\/v2\/product"}],"about":[{"href":"https:\/\/www.emporioamazonervas.com.br\/index.php\/wp-json\/wp\/v2\/types\/product"}],"replies":[{"embeddable":true,"href":"https:\/\/www.emporioamazonervas.com.br\/index.php\/wp-json\/wp\/v2\/comments?post=2099"}],"wp:featuredmedia":[{"embeddable":true,"href":"https:\/\/www.emporioamazonervas.com.br\/index.php\/wp-json\/wp\/v2\/media\/2189"}],"wp:attachment":[{"href":"https:\/\/www.emporioamazonervas.com.br\/index.php\/wp-json\/wp\/v2\/media?parent=2099"}],"wp:term":[{"taxonomy":"product_cat","embeddable":true,"href":"https:\/\/www.emporioamazonervas.com.br\/index.php\/wp-json\/wp\/v2\/product_cat?post=2099"},{"taxonomy":"product_tag","embeddable":true,"href":"https:\/\/www.emporioamazonervas.com.br\/index.php\/wp-json\/wp\/v2\/product_tag?post=2099"}],"curies":[{"name":"wp","href":"https:\/\/api.w.org\/{rel}","templated":true}]}}