{"id":2096,"date":"2022-09-02T16:10:00","date_gmt":"2022-09-02T19:10:00","guid":{"rendered":"http:\/\/www.emporioamazonervas.com.br\/?post_type=product&#038;p=2096"},"modified":"2022-09-16T16:35:05","modified_gmt":"2022-09-16T19:35:05","slug":"palatinose-mais-300g-clinicmais","status":"publish","type":"product","link":"https:\/\/www.emporioamazonervas.com.br\/index.php\/produto\/palatinose-mais-300g-clinicmais\/","title":{"rendered":"Palatinose Mais 300g &#8211; ClinicMais"},"content":{"rendered":"<p style=\"text-align: justify\">A palatinose, \u00e9 um carboidrato branco, puro e cristalino, derivado da fonte natural de sacarose. Ela pode ser encontrada, no mel e na cana-de-a\u00e7\u00facar. A palatinose \u00e9 o \u00fanico carboidrato funcional que \u00e9 totalmente diger\u00edvel e lentamente liberado.<\/p>\n<p style=\"text-align: justify\">Este produto<span style=\"font-size: 1rem\">\u00a0fornece\u00a0energia por mais tempo (proporciona uma libera\u00e7\u00e3o de energia sustent\u00e1vel), promove a oxida\u00e7\u00e3o de gordura. A\u00a0palatinose promove a queima de gordura, aumentando a utiliza\u00e7\u00e3o da gordura corporal e de \u00e1cidos graxos como fontes de energia.<\/span><\/p>\n<p style=\"text-align: justify\">\u00c9 considerado um carboidrato de baixo \u00edndice glic\u00eamico, fornecendo glicose como fonte de energia por um per\u00edodo de tempo mais prolongado e de forma mais constante, quando comparado ao a\u00e7\u00facar.<\/p>\n<p style=\"text-align: justify\">A palatinose tamb\u00e9m n\u00e3o provoca c\u00e1rie,\u00a0n\u00e3o cont\u00e9m lactose e nem aditivos.<\/p>\n<p style=\"text-align: justify\">&#8211; N\u00c3O CONT\u00c9M GL\u00daTEN.<\/p>\n","protected":false},"excerpt":{"rendered":"<p>A palatinose, \u00e9 um carboidrato branco, puro e cristalino, derivado da fonte natural de sacarose.<a class=\"read-more\" href=\"https:\/\/www.emporioamazonervas.com.br\/index.php\/produto\/palatinose-mais-300g-clinicmais\/\">&#8230;<\/a><\/p>\n","protected":false},"featured_media":2185,"comment_status":"open","ping_status":"closed","template":"","meta":[],"product_cat":[39],"product_tag":[629,360,631,630],"_links":{"self":[{"href":"https:\/\/www.emporioamazonervas.com.br\/index.php\/wp-json\/wp\/v2\/product\/2096"}],"collection":[{"href":"https:\/\/www.emporioamazonervas.com.br\/index.php\/wp-json\/wp\/v2\/product"}],"about":[{"href":"https:\/\/www.emporioamazonervas.com.br\/index.php\/wp-json\/wp\/v2\/types\/product"}],"replies":[{"embeddable":true,"href":"https:\/\/www.emporioamazonervas.com.br\/index.php\/wp-json\/wp\/v2\/comments?post=2096"}],"wp:featuredmedia":[{"embeddable":true,"href":"https:\/\/www.emporioamazonervas.com.br\/index.php\/wp-json\/wp\/v2\/media\/2185"}],"wp:attachment":[{"href":"https:\/\/www.emporioamazonervas.com.br\/index.php\/wp-json\/wp\/v2\/media?parent=2096"}],"wp:term":[{"taxonomy":"product_cat","embeddable":true,"href":"https:\/\/www.emporioamazonervas.com.br\/index.php\/wp-json\/wp\/v2\/product_cat?post=2096"},{"taxonomy":"product_tag","embeddable":true,"href":"https:\/\/www.emporioamazonervas.com.br\/index.php\/wp-json\/wp\/v2\/product_tag?post=2096"}],"curies":[{"name":"wp","href":"https:\/\/api.w.org\/{rel}","templated":true}]}}