{"id":2094,"date":"2022-09-02T12:36:16","date_gmt":"2022-09-02T15:36:16","guid":{"rendered":"http:\/\/www.emporioamazonervas.com.br\/?post_type=product&#038;p=2094"},"modified":"2022-09-16T16:37:12","modified_gmt":"2022-09-16T19:37:12","slug":"quitosmais-60-caps-400mg-clinicmais","status":"publish","type":"product","link":"https:\/\/www.emporioamazonervas.com.br\/index.php\/produto\/quitosmais-60-caps-400mg-clinicmais\/","title":{"rendered":"QuitosMais 60 caps 400mg &#8211; ClinicMais"},"content":{"rendered":"<p>QuitosMais traz em sua composi\u00e7\u00e3o ativos que se complementam para te auxiliar no processo de emagrecimento. Seus componentes, quando combinados, podem auxiliar a diminuir o apetite e tamb\u00e9m na elimina\u00e7\u00e3o de gordura, melhorando os n\u00edveis de colesterol.<\/p>\n<ul>\n<li>Auxilia a inibir o apetite de forma natural;<\/li>\n<li>Auxilia na perda de peso;<\/li>\n<li>A quitosana auxilia na redu\u00e7\u00e3o da absor\u00e7\u00e3o de gordura e colesterol;<\/li>\n<li>Auxilia no al\u00edvio do estresse e diminui\u00e7\u00e3o da ansiedade;<\/li>\n<li>Pode diminuir a vontade de comer doce;<\/li>\n<li>Auxilia no tr\u00e2nsito intestinal.<br \/>\n&#8211; \u00a0N\u00c3O CONT\u00c9M GL\u00daTEN.<br \/>\n&#8211; AL\u00c9RGICOS: CONT\u00c9M DERIVADOS DE CRUST\u00c1CEOS.<\/li>\n<\/ul>\n","protected":false},"excerpt":{"rendered":"<p>QuitosMais traz em sua composi\u00e7\u00e3o ativos que se complementam para te auxiliar no processo de<a class=\"read-more\" href=\"https:\/\/www.emporioamazonervas.com.br\/index.php\/produto\/quitosmais-60-caps-400mg-clinicmais\/\">&#8230;<\/a><\/p>\n","protected":false},"featured_media":2188,"comment_status":"open","ping_status":"closed","template":"","meta":[],"product_cat":[173],"product_tag":[634,331,227,632,187,511,633,553,628],"_links":{"self":[{"href":"https:\/\/www.emporioamazonervas.com.br\/index.php\/wp-json\/wp\/v2\/product\/2094"}],"collection":[{"href":"https:\/\/www.emporioamazonervas.com.br\/index.php\/wp-json\/wp\/v2\/product"}],"about":[{"href":"https:\/\/www.emporioamazonervas.com.br\/index.php\/wp-json\/wp\/v2\/types\/product"}],"replies":[{"embeddable":true,"href":"https:\/\/www.emporioamazonervas.com.br\/index.php\/wp-json\/wp\/v2\/comments?post=2094"}],"wp:featuredmedia":[{"embeddable":true,"href":"https:\/\/www.emporioamazonervas.com.br\/index.php\/wp-json\/wp\/v2\/media\/2188"}],"wp:attachment":[{"href":"https:\/\/www.emporioamazonervas.com.br\/index.php\/wp-json\/wp\/v2\/media?parent=2094"}],"wp:term":[{"taxonomy":"product_cat","embeddable":true,"href":"https:\/\/www.emporioamazonervas.com.br\/index.php\/wp-json\/wp\/v2\/product_cat?post=2094"},{"taxonomy":"product_tag","embeddable":true,"href":"https:\/\/www.emporioamazonervas.com.br\/index.php\/wp-json\/wp\/v2\/product_tag?post=2094"}],"curies":[{"name":"wp","href":"https:\/\/api.w.org\/{rel}","templated":true}]}}