{"id":2091,"date":"2022-09-02T12:27:00","date_gmt":"2022-09-02T15:27:00","guid":{"rendered":"http:\/\/www.emporioamazonervas.com.br\/?post_type=product&#038;p=2091"},"modified":"2022-09-16T16:42:14","modified_gmt":"2022-09-16T19:42:14","slug":"2091","status":"publish","type":"product","link":"https:\/\/www.emporioamazonervas.com.br\/index.php\/produto\/2091\/","title":{"rendered":"Bitter Orange + Garcinia Cambogia 90 caps 480mg &#8211; ClinicMais"},"content":{"rendered":"<ul>\n<li>Efeito positivo como coadjuvante para o tratamento da obesidade por aumentar o metabolismo e o gasto energ\u00e9tico;<\/li>\n<li>Auxilia na perda de peso por atuar como inibidor do apetite, bloqueando a absor\u00e7\u00e3o da gordura;<\/li>\n<li>A\u00e7\u00e3o antioxidante;<\/li>\n<li>Possui fibras s\u00e3o respons\u00e1veis pela regula\u00e7\u00e3o do tr\u00e2nsito intestinal e aumento da saciedade, colaborando tamb\u00e9m para o equil\u00edbrio dos n\u00edveis de colesterol e glicose sangu\u00edneos.<\/li>\n<\/ul>\n<p>&#8211; N\u00c3O CONT\u00c9M GL\u00daTEN.<\/p>\n<p>&nbsp;<\/p>\n","protected":false},"excerpt":{"rendered":"<p>Efeito positivo como coadjuvante para o tratamento da obesidade por aumentar o metabolismo e o<a class=\"read-more\" href=\"https:\/\/www.emporioamazonervas.com.br\/index.php\/produto\/2091\/\">&#8230;<\/a><\/p>\n","protected":false},"featured_media":2191,"comment_status":"open","ping_status":"closed","template":"","meta":[],"product_cat":[173],"product_tag":[587,316,227,280,627,513,628,539],"_links":{"self":[{"href":"https:\/\/www.emporioamazonervas.com.br\/index.php\/wp-json\/wp\/v2\/product\/2091"}],"collection":[{"href":"https:\/\/www.emporioamazonervas.com.br\/index.php\/wp-json\/wp\/v2\/product"}],"about":[{"href":"https:\/\/www.emporioamazonervas.com.br\/index.php\/wp-json\/wp\/v2\/types\/product"}],"replies":[{"embeddable":true,"href":"https:\/\/www.emporioamazonervas.com.br\/index.php\/wp-json\/wp\/v2\/comments?post=2091"}],"wp:featuredmedia":[{"embeddable":true,"href":"https:\/\/www.emporioamazonervas.com.br\/index.php\/wp-json\/wp\/v2\/media\/2191"}],"wp:attachment":[{"href":"https:\/\/www.emporioamazonervas.com.br\/index.php\/wp-json\/wp\/v2\/media?parent=2091"}],"wp:term":[{"taxonomy":"product_cat","embeddable":true,"href":"https:\/\/www.emporioamazonervas.com.br\/index.php\/wp-json\/wp\/v2\/product_cat?post=2091"},{"taxonomy":"product_tag","embeddable":true,"href":"https:\/\/www.emporioamazonervas.com.br\/index.php\/wp-json\/wp\/v2\/product_tag?post=2091"}],"curies":[{"name":"wp","href":"https:\/\/api.w.org\/{rel}","templated":true}]}}