{"id":2085,"date":"2022-09-01T19:10:30","date_gmt":"2022-09-01T22:10:30","guid":{"rendered":"http:\/\/www.emporioamazonervas.com.br\/?post_type=product&#038;p=2085"},"modified":"2022-09-17T10:24:50","modified_gmt":"2022-09-17T13:24:50","slug":"ginseng-renshen","status":"publish","type":"product","link":"https:\/\/www.emporioamazonervas.com.br\/index.php\/produto\/ginseng-renshen\/","title":{"rendered":"Ginseng Renshen 60 caps 500g &#8211; Videira 7"},"content":{"rendered":"<p style=\"text-align: justify\">As indica\u00e7\u00f5es do ginseng em c\u00e1psulas incluem melhorar o funcionamento cerebral, a mem\u00f3ria e a concentra\u00e7\u00e3o, ativar a circula\u00e7\u00e3o sangu\u00ednea, melhorar o contato \u00edntimo do homem e da mulher, combater a impot\u00eancia sexual e aumentar o apetite sexual, melhorar a energia do f\u00edgado, fortalecer o sistema imune, ficando mais protegido de v\u00edrus e bact\u00e9rias, contra depress\u00e3o, problemas digestivos, queda de cabelo, dor de cabe\u00e7a e tens\u00e3o nervosa.<\/p>\n","protected":false},"excerpt":{"rendered":"<p>As indica\u00e7\u00f5es do ginseng em c\u00e1psulas incluem melhorar o funcionamento cerebral, a mem\u00f3ria e a<a class=\"read-more\" href=\"https:\/\/www.emporioamazonervas.com.br\/index.php\/produto\/ginseng-renshen\/\">&#8230;<\/a><\/p>\n","protected":false},"featured_media":2236,"comment_status":"open","ping_status":"closed","template":"","meta":[],"product_cat":[173],"product_tag":[592,581,622,528,564,621,508,249,551],"_links":{"self":[{"href":"https:\/\/www.emporioamazonervas.com.br\/index.php\/wp-json\/wp\/v2\/product\/2085"}],"collection":[{"href":"https:\/\/www.emporioamazonervas.com.br\/index.php\/wp-json\/wp\/v2\/product"}],"about":[{"href":"https:\/\/www.emporioamazonervas.com.br\/index.php\/wp-json\/wp\/v2\/types\/product"}],"replies":[{"embeddable":true,"href":"https:\/\/www.emporioamazonervas.com.br\/index.php\/wp-json\/wp\/v2\/comments?post=2085"}],"wp:featuredmedia":[{"embeddable":true,"href":"https:\/\/www.emporioamazonervas.com.br\/index.php\/wp-json\/wp\/v2\/media\/2236"}],"wp:attachment":[{"href":"https:\/\/www.emporioamazonervas.com.br\/index.php\/wp-json\/wp\/v2\/media?parent=2085"}],"wp:term":[{"taxonomy":"product_cat","embeddable":true,"href":"https:\/\/www.emporioamazonervas.com.br\/index.php\/wp-json\/wp\/v2\/product_cat?post=2085"},{"taxonomy":"product_tag","embeddable":true,"href":"https:\/\/www.emporioamazonervas.com.br\/index.php\/wp-json\/wp\/v2\/product_tag?post=2085"}],"curies":[{"name":"wp","href":"https:\/\/api.w.org\/{rel}","templated":true}]}}