{"id":2082,"date":"2022-09-01T19:00:00","date_gmt":"2022-09-01T22:00:00","guid":{"rendered":"http:\/\/www.emporioamazonervas.com.br\/?post_type=product&#038;p=2082"},"modified":"2022-09-16T16:40:47","modified_gmt":"2022-09-16T19:40:47","slug":"biofit-hibisco-60-caps-450mg-clinicmais","status":"publish","type":"product","link":"https:\/\/www.emporioamazonervas.com.br\/index.php\/produto\/biofit-hibisco-60-caps-450mg-clinicmais\/","title":{"rendered":"Biofit Hibisco 60 caps 450mg &#8211; ClinicMais"},"content":{"rendered":"<p style=\"text-align: justify\">Biofit Hibisco \u00e9 um suplemento composto pela flor de hibisco, que auxilia em regular os n\u00edveis de colesterol e triglic\u00e9rides, al\u00e9m auxiliar no controle da press\u00e3o arterial.<\/p>\n<ul class=\"advantages-benefits\">\n<li>Efeito\u00a0Termog\u00eanico;<\/li>\n<li>Rico em Antioxidantes;<\/li>\n<li>Favorece o Controle do Colesterol e Triglic\u00e9rides;<\/li>\n<li>Auxila no controle da press\u00e3o arterial.<\/li>\n<\/ul>\n<p>&#8211; N\u00c3O CONT\u00c9M GL\u00daTEN.<\/p>\n<p>&#8211; N\u00c3O CONT\u00c9M LACTOSE;<\/p>\n<p>&#8211; ZERO A\u00c7\u00daCAR.<\/p>\n","protected":false},"excerpt":{"rendered":"<p>Biofit Hibisco \u00e9 um suplemento composto pela flor de hibisco, que auxilia em regular os<a class=\"read-more\" href=\"https:\/\/www.emporioamazonervas.com.br\/index.php\/produto\/biofit-hibisco-60-caps-450mg-clinicmais\/\">&#8230;<\/a><\/p>\n","protected":false},"featured_media":2190,"comment_status":"open","ping_status":"closed","template":"","meta":[],"product_cat":[173],"product_tag":[316,227,301,569,178,133,539],"_links":{"self":[{"href":"https:\/\/www.emporioamazonervas.com.br\/index.php\/wp-json\/wp\/v2\/product\/2082"}],"collection":[{"href":"https:\/\/www.emporioamazonervas.com.br\/index.php\/wp-json\/wp\/v2\/product"}],"about":[{"href":"https:\/\/www.emporioamazonervas.com.br\/index.php\/wp-json\/wp\/v2\/types\/product"}],"replies":[{"embeddable":true,"href":"https:\/\/www.emporioamazonervas.com.br\/index.php\/wp-json\/wp\/v2\/comments?post=2082"}],"wp:featuredmedia":[{"embeddable":true,"href":"https:\/\/www.emporioamazonervas.com.br\/index.php\/wp-json\/wp\/v2\/media\/2190"}],"wp:attachment":[{"href":"https:\/\/www.emporioamazonervas.com.br\/index.php\/wp-json\/wp\/v2\/media?parent=2082"}],"wp:term":[{"taxonomy":"product_cat","embeddable":true,"href":"https:\/\/www.emporioamazonervas.com.br\/index.php\/wp-json\/wp\/v2\/product_cat?post=2082"},{"taxonomy":"product_tag","embeddable":true,"href":"https:\/\/www.emporioamazonervas.com.br\/index.php\/wp-json\/wp\/v2\/product_tag?post=2082"}],"curies":[{"name":"wp","href":"https:\/\/api.w.org\/{rel}","templated":true}]}}