{"id":2077,"date":"2022-09-01T18:38:41","date_gmt":"2022-09-01T21:38:41","guid":{"rendered":"http:\/\/www.emporioamazonervas.com.br\/?post_type=product&#038;p=2077"},"modified":"2022-09-16T16:49:52","modified_gmt":"2022-09-16T19:49:52","slug":"imunovid-gestante-lactantes-60-caps-videira-7","status":"publish","type":"product","link":"https:\/\/www.emporioamazonervas.com.br\/index.php\/produto\/imunovid-gestante-lactantes-60-caps-videira-7\/","title":{"rendered":"Imunovid Gestante Lactantes 60 caps &#8211; Videira 7"},"content":{"rendered":"<p style=\"text-align: justify\">O Imunovid Gestante Lactantes foi desenvolvido para a melhora da imunidade da gr\u00e1vida. \u00c9 um suplemento vitam\u00ednico e mineral que foi desenvolvido para melhorar da imunidade, com alta dosagem das vitaminas C, D, E; dos minerais sel\u00eanio, zinco e \u00e1cido f\u00f3lico para fortalecimento do sistema imunol\u00f3gico das gestantes e lactantes.<\/p>\n<p style=\"text-align: justify\"><strong>Benef\u00edcios<\/strong><\/p>\n<p style=\"text-align: justify\">+Imunidade para\u00a0 gestantes e lactantes<\/p>\n","protected":false},"excerpt":{"rendered":"<p>O Imunovid Gestante Lactantes foi desenvolvido para a melhora da imunidade da gr\u00e1vida. \u00c9 um<a class=\"read-more\" href=\"https:\/\/www.emporioamazonervas.com.br\/index.php\/produto\/imunovid-gestante-lactantes-60-caps-videira-7\/\">&#8230;<\/a><\/p>\n","protected":false},"featured_media":2196,"comment_status":"open","ping_status":"closed","template":"","meta":[],"product_cat":[173],"product_tag":[619,617,508,618,142,366,113,271,114,115],"_links":{"self":[{"href":"https:\/\/www.emporioamazonervas.com.br\/index.php\/wp-json\/wp\/v2\/product\/2077"}],"collection":[{"href":"https:\/\/www.emporioamazonervas.com.br\/index.php\/wp-json\/wp\/v2\/product"}],"about":[{"href":"https:\/\/www.emporioamazonervas.com.br\/index.php\/wp-json\/wp\/v2\/types\/product"}],"replies":[{"embeddable":true,"href":"https:\/\/www.emporioamazonervas.com.br\/index.php\/wp-json\/wp\/v2\/comments?post=2077"}],"wp:featuredmedia":[{"embeddable":true,"href":"https:\/\/www.emporioamazonervas.com.br\/index.php\/wp-json\/wp\/v2\/media\/2196"}],"wp:attachment":[{"href":"https:\/\/www.emporioamazonervas.com.br\/index.php\/wp-json\/wp\/v2\/media?parent=2077"}],"wp:term":[{"taxonomy":"product_cat","embeddable":true,"href":"https:\/\/www.emporioamazonervas.com.br\/index.php\/wp-json\/wp\/v2\/product_cat?post=2077"},{"taxonomy":"product_tag","embeddable":true,"href":"https:\/\/www.emporioamazonervas.com.br\/index.php\/wp-json\/wp\/v2\/product_tag?post=2077"}],"curies":[{"name":"wp","href":"https:\/\/api.w.org\/{rel}","templated":true}]}}