{"id":2072,"date":"2022-09-01T18:18:39","date_gmt":"2022-09-01T21:18:39","guid":{"rendered":"http:\/\/www.emporioamazonervas.com.br\/?post_type=product&#038;p=2072"},"modified":"2022-09-16T16:51:16","modified_gmt":"2022-09-16T19:51:16","slug":"maca-peruana-negra-120-caps-500mg-videira-7","status":"publish","type":"product","link":"https:\/\/www.emporioamazonervas.com.br\/index.php\/produto\/maca-peruana-negra-120-caps-500mg-videira-7\/","title":{"rendered":"Maca Peruana Negra 120 caps 500mg &#8211; Videira 7"},"content":{"rendered":"<p>Tem efeito energ\u00e9tico e restaurador f\u00edsico e psicol\u00f3gico melhora a mem\u00f3ria e a concentra\u00e7\u00e3o; fortalece o sistema imunol\u00f3gico; regula o ciclo menstrual e aumenta a fertilidade; reduz os sintomas da TPM e da menopausa, aumenta a espermatog\u00eanese e a pot\u00eancia sexual.<\/p>\n<ul>\n<li>Energia;<\/li>\n<li>Vigor f\u00edsico;<\/li>\n<li>Libido.<\/li>\n<\/ul>\n","protected":false},"excerpt":{"rendered":"<p>Tem efeito energ\u00e9tico e restaurador f\u00edsico e psicol\u00f3gico melhora a mem\u00f3ria e a concentra\u00e7\u00e3o; fortalece<a class=\"read-more\" href=\"https:\/\/www.emporioamazonervas.com.br\/index.php\/produto\/maca-peruana-negra-120-caps-500mg-videira-7\/\">&#8230;<\/a><\/p>\n","protected":false},"featured_media":2197,"comment_status":"open","ping_status":"closed","template":"","meta":[],"product_cat":[173],"product_tag":[583,581,360,612,508,327,249,240,530,611],"_links":{"self":[{"href":"https:\/\/www.emporioamazonervas.com.br\/index.php\/wp-json\/wp\/v2\/product\/2072"}],"collection":[{"href":"https:\/\/www.emporioamazonervas.com.br\/index.php\/wp-json\/wp\/v2\/product"}],"about":[{"href":"https:\/\/www.emporioamazonervas.com.br\/index.php\/wp-json\/wp\/v2\/types\/product"}],"replies":[{"embeddable":true,"href":"https:\/\/www.emporioamazonervas.com.br\/index.php\/wp-json\/wp\/v2\/comments?post=2072"}],"wp:featuredmedia":[{"embeddable":true,"href":"https:\/\/www.emporioamazonervas.com.br\/index.php\/wp-json\/wp\/v2\/media\/2197"}],"wp:attachment":[{"href":"https:\/\/www.emporioamazonervas.com.br\/index.php\/wp-json\/wp\/v2\/media?parent=2072"}],"wp:term":[{"taxonomy":"product_cat","embeddable":true,"href":"https:\/\/www.emporioamazonervas.com.br\/index.php\/wp-json\/wp\/v2\/product_cat?post=2072"},{"taxonomy":"product_tag","embeddable":true,"href":"https:\/\/www.emporioamazonervas.com.br\/index.php\/wp-json\/wp\/v2\/product_tag?post=2072"}],"curies":[{"name":"wp","href":"https:\/\/api.w.org\/{rel}","templated":true}]}}