{"id":2069,"date":"2022-09-01T16:59:32","date_gmt":"2022-09-01T19:59:32","guid":{"rendered":"http:\/\/www.emporioamazonervas.com.br\/?post_type=product&#038;p=2069"},"modified":"2022-09-16T16:54:55","modified_gmt":"2022-09-16T19:54:55","slug":"msm-metil-sulfonil-metano-60-caps-videira-7","status":"publish","type":"product","link":"https:\/\/www.emporioamazonervas.com.br\/index.php\/produto\/msm-metil-sulfonil-metano-60-caps-videira-7\/","title":{"rendered":"MSM  (Metil Sulfonil Metano) 60 caps &#8211; Videira 7"},"content":{"rendered":"<p style=\"text-align: justify\">O MSM (Metil Sulfonil Metano) \u00e9 uma forma natural de enxofre org\u00e2nico encontrada em todos os organismos vivos. O enxofre foi chamado de \u201cmineral beleza\u201d porque \u00e9 essencial para manter os cabelos brilhantes e macios. \u00c9 essencial para a s\u00edntese do col\u00e1geno e \u00e9 predominante na queratina, uma subst\u00e2ncia indispens\u00e1vel para a sa\u00fade e manuten\u00e7\u00e3o da pele, unhas e do cabelo.<\/p>\n<p style=\"text-align: justify\">\u00a0Acredita-se que o MSM alivia a dor por diversos mecanismos de a\u00e7\u00e3o. Pode inibir a transmiss\u00e3o de impulsos da dor ao longo das fibras nervosas do tipo C, aumentar o fluxo do sangue, e reduzir os espasmos musculares. Al\u00e9m disso, MSM age como um agente anti-inflamat\u00f3rio, uma vez que, ele aumenta a permeabilidade das c\u00e9lulas, tornando mais f\u00e1cil a excre\u00e7\u00e3o de \u201clixo\u201d por elas, sendo assim absorvem mais facilmente os nutrientes. A dor \u00e9 geralmente causada por ac\u00famulo de toxinas nas articula\u00e7\u00f5es, m\u00fasculos e flu\u00eddos do corpo, sendo o MSM um poderoso detoxificante. Indica\u00e7\u00f5es do MSM: Antiinflamat\u00f3rio e antioxidante. Reduz a fadiga cr\u00f4nica e dores osteoarticulares. Essencial para o fortalecimento do cabelo, unhas, pele e articula\u00e7\u00f5es.<\/p>\n","protected":false},"excerpt":{"rendered":"<p>O MSM (Metil Sulfonil Metano) \u00e9 uma forma natural de enxofre org\u00e2nico encontrada em todos<a class=\"read-more\" href=\"https:\/\/www.emporioamazonervas.com.br\/index.php\/produto\/msm-metil-sulfonil-metano-60-caps-videira-7\/\">&#8230;<\/a><\/p>\n","protected":false},"featured_media":2201,"comment_status":"open","ping_status":"closed","template":"","meta":[],"product_cat":[173],"product_tag":[508,556,557],"_links":{"self":[{"href":"https:\/\/www.emporioamazonervas.com.br\/index.php\/wp-json\/wp\/v2\/product\/2069"}],"collection":[{"href":"https:\/\/www.emporioamazonervas.com.br\/index.php\/wp-json\/wp\/v2\/product"}],"about":[{"href":"https:\/\/www.emporioamazonervas.com.br\/index.php\/wp-json\/wp\/v2\/types\/product"}],"replies":[{"embeddable":true,"href":"https:\/\/www.emporioamazonervas.com.br\/index.php\/wp-json\/wp\/v2\/comments?post=2069"}],"wp:featuredmedia":[{"embeddable":true,"href":"https:\/\/www.emporioamazonervas.com.br\/index.php\/wp-json\/wp\/v2\/media\/2201"}],"wp:attachment":[{"href":"https:\/\/www.emporioamazonervas.com.br\/index.php\/wp-json\/wp\/v2\/media?parent=2069"}],"wp:term":[{"taxonomy":"product_cat","embeddable":true,"href":"https:\/\/www.emporioamazonervas.com.br\/index.php\/wp-json\/wp\/v2\/product_cat?post=2069"},{"taxonomy":"product_tag","embeddable":true,"href":"https:\/\/www.emporioamazonervas.com.br\/index.php\/wp-json\/wp\/v2\/product_tag?post=2069"}],"curies":[{"name":"wp","href":"https:\/\/api.w.org\/{rel}","templated":true}]}}