{"id":2067,"date":"2022-09-01T16:46:26","date_gmt":"2022-09-01T19:46:26","guid":{"rendered":"http:\/\/www.emporioamazonervas.com.br\/?post_type=product&#038;p=2067"},"modified":"2022-09-16T16:55:35","modified_gmt":"2022-09-16T19:55:35","slug":"maca-peruana-com-guarana-120-caps-500mg-videira-7","status":"publish","type":"product","link":"https:\/\/www.emporioamazonervas.com.br\/index.php\/produto\/maca-peruana-com-guarana-120-caps-500mg-videira-7\/","title":{"rendered":"Maca Peruana com Guaran\u00e1 120 caps 500mg &#8211; Videira 7"},"content":{"rendered":"<p>A Maca peruana com Guaran\u00e1 da Videira 7 e excelente para te dar m\u00e1xima disposi\u00e7\u00e3o para todas as horas.\u00a0\u00a0Possui efeito afrodis\u00edaco, acelera o metabolismo e fonte natural de energia.<\/p>\n<p>+Desempenho e concentra\u00e7\u00e3o nas atividades do seu dia a dia.<\/p>\n<p>&nbsp;<\/p>\n","protected":false},"excerpt":{"rendered":"<p>A Maca peruana com Guaran\u00e1 da Videira 7 e excelente para te dar m\u00e1xima disposi\u00e7\u00e3o<a class=\"read-more\" href=\"https:\/\/www.emporioamazonervas.com.br\/index.php\/produto\/maca-peruana-com-guarana-120-caps-500mg-videira-7\/\">&#8230;<\/a><\/p>\n","protected":false},"featured_media":2202,"comment_status":"open","ping_status":"closed","template":"","meta":[],"product_cat":[173],"product_tag":[587,610,586,573],"_links":{"self":[{"href":"https:\/\/www.emporioamazonervas.com.br\/index.php\/wp-json\/wp\/v2\/product\/2067"}],"collection":[{"href":"https:\/\/www.emporioamazonervas.com.br\/index.php\/wp-json\/wp\/v2\/product"}],"about":[{"href":"https:\/\/www.emporioamazonervas.com.br\/index.php\/wp-json\/wp\/v2\/types\/product"}],"replies":[{"embeddable":true,"href":"https:\/\/www.emporioamazonervas.com.br\/index.php\/wp-json\/wp\/v2\/comments?post=2067"}],"wp:featuredmedia":[{"embeddable":true,"href":"https:\/\/www.emporioamazonervas.com.br\/index.php\/wp-json\/wp\/v2\/media\/2202"}],"wp:attachment":[{"href":"https:\/\/www.emporioamazonervas.com.br\/index.php\/wp-json\/wp\/v2\/media?parent=2067"}],"wp:term":[{"taxonomy":"product_cat","embeddable":true,"href":"https:\/\/www.emporioamazonervas.com.br\/index.php\/wp-json\/wp\/v2\/product_cat?post=2067"},{"taxonomy":"product_tag","embeddable":true,"href":"https:\/\/www.emporioamazonervas.com.br\/index.php\/wp-json\/wp\/v2\/product_tag?post=2067"}],"curies":[{"name":"wp","href":"https:\/\/api.w.org\/{rel}","templated":true}]}}