{"id":2065,"date":"2022-09-01T16:31:34","date_gmt":"2022-09-01T19:31:34","guid":{"rendered":"http:\/\/www.emporioamazonervas.com.br\/?post_type=product&#038;p=2065"},"modified":"2022-09-16T17:07:47","modified_gmt":"2022-09-16T20:07:47","slug":"vitamina-d3-2000-ui","status":"publish","type":"product","link":"https:\/\/www.emporioamazonervas.com.br\/index.php\/produto\/vitamina-d3-2000-ui\/","title":{"rendered":"Vitamina D3 2000 UI 60 caps &#8211; ApisNutri"},"content":{"rendered":"<p><strong>Vitamina D3<\/strong>\u00a0\u00e9 um suplemento alimentar que oferece 50mcg ou 2000 UI de\u00a0<strong>colecalciferol<\/strong>\u00a0por c\u00e1psula, o que corresponde a 1.000% da IDR.<\/p>\n<p><strong>Vitamina D3<\/strong>\u00a0\u00e9 fundamental na\u00a0<strong>fisiologia\u00a0<\/strong>e<strong>\u00a0sa\u00fade\u00a0<\/strong>do<strong>\u00a0organismo<\/strong>\u00a0humano, suas principais<strong>\u00a0fun\u00e7\u00f5e<\/strong>s, s\u00e3o:<\/p>\n<ul>\n<li>forma\u00e7\u00e3o de\u00a0<strong>ossos<\/strong>\u00a0e\u00a0<strong>dentes;<\/strong><\/li>\n<li>auxilia no funcionamento e manuten\u00e7\u00e3o do\u00a0<strong>sistema imune<\/strong>\u00a0e\u00a0<strong>muscular;<\/strong><\/li>\n<li>possibilita a\u00a0<strong>absor\u00e7\u00e3o do c\u00e1lcio<\/strong>\u00a0e do\u00a0<strong>f\u00f3sforo<\/strong>.<\/li>\n<\/ul>\n","protected":false},"excerpt":{"rendered":"<p>Vitamina D3\u00a0\u00e9 um suplemento alimentar que oferece 50mcg ou 2000 UI de\u00a0colecalciferol\u00a0por c\u00e1psula, o que<a class=\"read-more\" href=\"https:\/\/www.emporioamazonervas.com.br\/index.php\/produto\/vitamina-d3-2000-ui\/\">&#8230;<\/a><\/p>\n","protected":false},"featured_media":2205,"comment_status":"open","ping_status":"closed","template":"","meta":[],"product_cat":[173],"product_tag":[266,563,609,508,89,608,267],"_links":{"self":[{"href":"https:\/\/www.emporioamazonervas.com.br\/index.php\/wp-json\/wp\/v2\/product\/2065"}],"collection":[{"href":"https:\/\/www.emporioamazonervas.com.br\/index.php\/wp-json\/wp\/v2\/product"}],"about":[{"href":"https:\/\/www.emporioamazonervas.com.br\/index.php\/wp-json\/wp\/v2\/types\/product"}],"replies":[{"embeddable":true,"href":"https:\/\/www.emporioamazonervas.com.br\/index.php\/wp-json\/wp\/v2\/comments?post=2065"}],"wp:featuredmedia":[{"embeddable":true,"href":"https:\/\/www.emporioamazonervas.com.br\/index.php\/wp-json\/wp\/v2\/media\/2205"}],"wp:attachment":[{"href":"https:\/\/www.emporioamazonervas.com.br\/index.php\/wp-json\/wp\/v2\/media?parent=2065"}],"wp:term":[{"taxonomy":"product_cat","embeddable":true,"href":"https:\/\/www.emporioamazonervas.com.br\/index.php\/wp-json\/wp\/v2\/product_cat?post=2065"},{"taxonomy":"product_tag","embeddable":true,"href":"https:\/\/www.emporioamazonervas.com.br\/index.php\/wp-json\/wp\/v2\/product_tag?post=2065"}],"curies":[{"name":"wp","href":"https:\/\/api.w.org\/{rel}","templated":true}]}}