{"id":2060,"date":"2022-09-01T12:45:46","date_gmt":"2022-09-01T15:45:46","guid":{"rendered":"http:\/\/www.emporioamazonervas.com.br\/?post_type=product&#038;p=2060"},"modified":"2022-09-16T16:42:25","modified_gmt":"2022-09-16T19:42:25","slug":"triptofano-60-caps-250mg-videira-7","status":"publish","type":"product","link":"https:\/\/www.emporioamazonervas.com.br\/index.php\/produto\/triptofano-60-caps-250mg-videira-7\/","title":{"rendered":"Triptofano 60 caps 250mg &#8211; Videira 7"},"content":{"rendered":"<p style=\"text-align: justify\">O Triptofano \u00e9 um amino\u00e1cido essencial, cuja principal fun\u00e7\u00e3o \u00e9 ser precursor do neurotransmissor serotonina, subst\u00e2ncia que desempenha papel importante no sistema nervoso respons\u00e1vel pela regula\u00e7\u00e3o do sono, temperatura corporal, apetite, humor, atividade motora e fun\u00e7\u00f5es cognitivas.<br \/>\nO triptofano n\u00e3o \u00e9 produzido pelo organismo e, em raz\u00e3o disso, pode ser fornecido ao corpo atrav\u00e9s da ingest\u00e3o diet\u00e9tica normal ou por meio de suplementos.<\/p>\n<p style=\"text-align: justify\"><strong>Benef\u00edcios:<\/strong><\/p>\n<ul>\n<li style=\"text-align: justify\">Diminui o estresse;<\/li>\n<li style=\"text-align: justify\">Auxilia na regula\u00e7\u00e3o do sono;<\/li>\n<li style=\"text-align: justify\">Regula o humor.<\/li>\n<\/ul>\n","protected":false},"excerpt":{"rendered":"<p>O Triptofano \u00e9 um amino\u00e1cido essencial, cuja principal fun\u00e7\u00e3o \u00e9 ser precursor do neurotransmissor serotonina,<a class=\"read-more\" href=\"https:\/\/www.emporioamazonervas.com.br\/index.php\/produto\/triptofano-60-caps-250mg-videira-7\/\">&#8230;<\/a><\/p>\n","protected":false},"featured_media":2193,"comment_status":"open","ping_status":"closed","template":"","meta":[],"product_cat":[173],"product_tag":[293,606,511,605,607,547],"_links":{"self":[{"href":"https:\/\/www.emporioamazonervas.com.br\/index.php\/wp-json\/wp\/v2\/product\/2060"}],"collection":[{"href":"https:\/\/www.emporioamazonervas.com.br\/index.php\/wp-json\/wp\/v2\/product"}],"about":[{"href":"https:\/\/www.emporioamazonervas.com.br\/index.php\/wp-json\/wp\/v2\/types\/product"}],"replies":[{"embeddable":true,"href":"https:\/\/www.emporioamazonervas.com.br\/index.php\/wp-json\/wp\/v2\/comments?post=2060"}],"wp:featuredmedia":[{"embeddable":true,"href":"https:\/\/www.emporioamazonervas.com.br\/index.php\/wp-json\/wp\/v2\/media\/2193"}],"wp:attachment":[{"href":"https:\/\/www.emporioamazonervas.com.br\/index.php\/wp-json\/wp\/v2\/media?parent=2060"}],"wp:term":[{"taxonomy":"product_cat","embeddable":true,"href":"https:\/\/www.emporioamazonervas.com.br\/index.php\/wp-json\/wp\/v2\/product_cat?post=2060"},{"taxonomy":"product_tag","embeddable":true,"href":"https:\/\/www.emporioamazonervas.com.br\/index.php\/wp-json\/wp\/v2\/product_tag?post=2060"}],"curies":[{"name":"wp","href":"https:\/\/api.w.org\/{rel}","templated":true}]}}