{"id":2057,"date":"2022-09-01T11:33:00","date_gmt":"2022-09-01T14:33:00","guid":{"rendered":"http:\/\/www.emporioamazonervas.com.br\/?post_type=product&#038;p=2057"},"modified":"2022-09-16T16:58:02","modified_gmt":"2022-09-16T19:58:02","slug":"cafeina-com-taurina-v7-120-caps-600mg","status":"publish","type":"product","link":"https:\/\/www.emporioamazonervas.com.br\/index.php\/produto\/cafeina-com-taurina-v7-120-caps-600mg\/","title":{"rendered":"Cafe\u00edna com Taurina V7 120 caps 600mg &#8211; Videira"},"content":{"rendered":"<p>\u00c9 um composto qu\u00edmico classificado como alcaloide (derivado de plantas), possuem mecanismos que podem desencadear importantes altera\u00e7\u00f5es metab\u00f3licas e fisiol\u00f3gicas, resultando na melhora do desempenho atl\u00e9tico prevenindo a fadiga.<\/p>\n<p>&#8211; N\u00c3O CONT\u00c9M GL\u00daTEN.<\/p>\n","protected":false},"excerpt":{"rendered":"<p>\u00c9 um composto qu\u00edmico classificado como alcaloide (derivado de plantas), possuem mecanismos que podem desencadear<a class=\"read-more\" href=\"https:\/\/www.emporioamazonervas.com.br\/index.php\/produto\/cafeina-com-taurina-v7-120-caps-600mg\/\">&#8230;<\/a><\/p>\n","protected":false},"featured_media":2204,"comment_status":"open","ping_status":"closed","template":"","meta":[],"product_cat":[173],"product_tag":[136,501,137,186,264],"_links":{"self":[{"href":"https:\/\/www.emporioamazonervas.com.br\/index.php\/wp-json\/wp\/v2\/product\/2057"}],"collection":[{"href":"https:\/\/www.emporioamazonervas.com.br\/index.php\/wp-json\/wp\/v2\/product"}],"about":[{"href":"https:\/\/www.emporioamazonervas.com.br\/index.php\/wp-json\/wp\/v2\/types\/product"}],"replies":[{"embeddable":true,"href":"https:\/\/www.emporioamazonervas.com.br\/index.php\/wp-json\/wp\/v2\/comments?post=2057"}],"wp:featuredmedia":[{"embeddable":true,"href":"https:\/\/www.emporioamazonervas.com.br\/index.php\/wp-json\/wp\/v2\/media\/2204"}],"wp:attachment":[{"href":"https:\/\/www.emporioamazonervas.com.br\/index.php\/wp-json\/wp\/v2\/media?parent=2057"}],"wp:term":[{"taxonomy":"product_cat","embeddable":true,"href":"https:\/\/www.emporioamazonervas.com.br\/index.php\/wp-json\/wp\/v2\/product_cat?post=2057"},{"taxonomy":"product_tag","embeddable":true,"href":"https:\/\/www.emporioamazonervas.com.br\/index.php\/wp-json\/wp\/v2\/product_tag?post=2057"}],"curies":[{"name":"wp","href":"https:\/\/api.w.org\/{rel}","templated":true}]}}