{"id":2054,"date":"2022-09-01T10:14:23","date_gmt":"2022-09-01T13:14:23","guid":{"rendered":"http:\/\/www.emporioamazonervas.com.br\/?post_type=product&#038;p=2054"},"modified":"2022-09-17T11:12:45","modified_gmt":"2022-09-17T14:12:45","slug":"collagen-renew-jabuticaba-300g-nutrify","status":"publish","type":"product","link":"https:\/\/www.emporioamazonervas.com.br\/index.php\/produto\/collagen-renew-jabuticaba-300g-nutrify\/","title":{"rendered":"Collagen Renew Jabuticaba 300g &#8211; Nutrify"},"content":{"rendered":"<p style=\"text-align: justify\">Collagen Renew Nutrify foi desenvolvido exclusivamente para auxiliar na manuten\u00e7\u00e3o da sa\u00fade da pele, nutrindo-a de dentro para fora. Cada por\u00e7\u00e3o de 10g fornece a quantidade ideal de Verisol (2,5 g), os pept\u00eddeos de col\u00e1geno hidrolisado com ampla comprova\u00e7\u00e3o cient\u00edfica e atua\u00e7\u00e3o na sa\u00fade e na beleza de pele, unhas e cabelo. Collagen Renew Nutrify oferece ainda um mix de vitaminas e minerais antioxidantes.<\/p>\n<p>&#8211; N\u00c3O CONT\u00c9M GL\u00daTEN.<\/p>\n<p>&#8211; ZERO A\u00c7\u00daCAR.<\/p>\n<p>&#8211; ZERO LACTOSE.<\/p>\n<p>&#8211; ZERO GORDURA.<\/p>\n","protected":false},"excerpt":{"rendered":"<p>Collagen Renew Nutrify foi desenvolvido exclusivamente para auxiliar na manuten\u00e7\u00e3o da sa\u00fade da pele, nutrindo-a<a class=\"read-more\" href=\"https:\/\/www.emporioamazonervas.com.br\/index.php\/produto\/collagen-renew-jabuticaba-300g-nutrify\/\">&#8230;<\/a><\/p>\n","protected":false},"featured_media":2238,"comment_status":"open","ping_status":"closed","template":"","meta":[],"product_cat":[74],"product_tag":[308,554,604,556,555,112,113,271,114],"_links":{"self":[{"href":"https:\/\/www.emporioamazonervas.com.br\/index.php\/wp-json\/wp\/v2\/product\/2054"}],"collection":[{"href":"https:\/\/www.emporioamazonervas.com.br\/index.php\/wp-json\/wp\/v2\/product"}],"about":[{"href":"https:\/\/www.emporioamazonervas.com.br\/index.php\/wp-json\/wp\/v2\/types\/product"}],"replies":[{"embeddable":true,"href":"https:\/\/www.emporioamazonervas.com.br\/index.php\/wp-json\/wp\/v2\/comments?post=2054"}],"wp:featuredmedia":[{"embeddable":true,"href":"https:\/\/www.emporioamazonervas.com.br\/index.php\/wp-json\/wp\/v2\/media\/2238"}],"wp:attachment":[{"href":"https:\/\/www.emporioamazonervas.com.br\/index.php\/wp-json\/wp\/v2\/media?parent=2054"}],"wp:term":[{"taxonomy":"product_cat","embeddable":true,"href":"https:\/\/www.emporioamazonervas.com.br\/index.php\/wp-json\/wp\/v2\/product_cat?post=2054"},{"taxonomy":"product_tag","embeddable":true,"href":"https:\/\/www.emporioamazonervas.com.br\/index.php\/wp-json\/wp\/v2\/product_tag?post=2054"}],"curies":[{"name":"wp","href":"https:\/\/api.w.org\/{rel}","templated":true}]}}