{"id":2046,"date":"2022-08-31T12:58:12","date_gmt":"2022-08-31T15:58:12","guid":{"rendered":"http:\/\/www.emporioamazonervas.com.br\/?post_type=product&#038;p=2046"},"modified":"2022-09-27T17:26:02","modified_gmt":"2022-09-27T20:26:02","slug":"colageno-verisol-coq10-acido-hialuronico-abacaxihortela","status":"publish","type":"product","link":"https:\/\/www.emporioamazonervas.com.br\/index.php\/produto\/colageno-verisol-coq10-acido-hialuronico-abacaxihortela\/","title":{"rendered":"Col\u00e1geno Verisol CoQ10 +\u00c1cido Hialur\u00f4nico Abacaxi\/Hortel\u00e3 200g &#8211; Videira 7"},"content":{"rendered":"<p style=\"text-align: justify\">Ele fortalece e aumenta a elasticidade da pele, prevenindo o aparecimento de rugas e linhas de express\u00e3o, al\u00e9m de dar aquele toque especial nos cabelos e unhas, deixando-os mais resistentes e protegidos. Contribui na diminui\u00e7\u00e3o de linhas finas, flacidez e manchas.<\/p>\n","protected":false},"excerpt":{"rendered":"<p>Ele fortalece e aumenta a elasticidade da pele, prevenindo o aparecimento de rugas e linhas<a class=\"read-more\" href=\"https:\/\/www.emporioamazonervas.com.br\/index.php\/produto\/colageno-verisol-coq10-acido-hialuronico-abacaxihortela\/\">&#8230;<\/a><\/p>\n","protected":false},"featured_media":2319,"comment_status":"open","ping_status":"closed","template":"","meta":[],"product_cat":[74],"product_tag":[596,597,556,555,557],"_links":{"self":[{"href":"https:\/\/www.emporioamazonervas.com.br\/index.php\/wp-json\/wp\/v2\/product\/2046"}],"collection":[{"href":"https:\/\/www.emporioamazonervas.com.br\/index.php\/wp-json\/wp\/v2\/product"}],"about":[{"href":"https:\/\/www.emporioamazonervas.com.br\/index.php\/wp-json\/wp\/v2\/types\/product"}],"replies":[{"embeddable":true,"href":"https:\/\/www.emporioamazonervas.com.br\/index.php\/wp-json\/wp\/v2\/comments?post=2046"}],"wp:featuredmedia":[{"embeddable":true,"href":"https:\/\/www.emporioamazonervas.com.br\/index.php\/wp-json\/wp\/v2\/media\/2319"}],"wp:attachment":[{"href":"https:\/\/www.emporioamazonervas.com.br\/index.php\/wp-json\/wp\/v2\/media?parent=2046"}],"wp:term":[{"taxonomy":"product_cat","embeddable":true,"href":"https:\/\/www.emporioamazonervas.com.br\/index.php\/wp-json\/wp\/v2\/product_cat?post=2046"},{"taxonomy":"product_tag","embeddable":true,"href":"https:\/\/www.emporioamazonervas.com.br\/index.php\/wp-json\/wp\/v2\/product_tag?post=2046"}],"curies":[{"name":"wp","href":"https:\/\/api.w.org\/{rel}","templated":true}]}}