{"id":2042,"date":"2022-08-31T12:10:16","date_gmt":"2022-08-31T15:10:16","guid":{"rendered":"http:\/\/www.emporioamazonervas.com.br\/?post_type=product&#038;p=2042"},"modified":"2022-09-16T17:14:09","modified_gmt":"2022-09-16T20:14:09","slug":"colageno-triplo-frutas-vermelhas-300g-videira-7","status":"publish","type":"product","link":"https:\/\/www.emporioamazonervas.com.br\/index.php\/produto\/colageno-triplo-frutas-vermelhas-300g-videira-7\/","title":{"rendered":"Colageno Verisol Triplo Frutas Vermelhas 300g &#8211; Videira 7"},"content":{"rendered":"<p>Ele fortalece e aumenta a elasticidade da pele, prevenindo o aparecimento de rugas e linhas de express\u00e3o, al\u00e9m de dar aquele toque especial nos cabelos e unhas, deixando-os mais resistentes e protegidos. Cont\u00e9m vitaminas e minerais como: vitamina A, C e E; zinco e biotina.<\/p>\n<ul>\n<li>Melhora dores articulares;<\/li>\n<li>T\u00eam fun\u00e7\u00f5es anti-inflamat\u00f3rias;<\/li>\n<li>Melhora a nutri\u00e7\u00e3o do tecido cartilaginoso aumentando sua elasticidade.<\/li>\n<\/ul>\n<p>\u2013\u00a0N\u00c3O CONT\u00c9M GL\u00daTEN.<\/p>\n","protected":false},"excerpt":{"rendered":"<p>Ele fortalece e aumenta a elasticidade da pele, prevenindo o aparecimento de rugas e linhas<a class=\"read-more\" href=\"https:\/\/www.emporioamazonervas.com.br\/index.php\/produto\/colageno-triplo-frutas-vermelhas-300g-videira-7\/\">&#8230;<\/a><\/p>\n","protected":false},"featured_media":2207,"comment_status":"open","ping_status":"closed","template":"","meta":[],"product_cat":[74],"product_tag":[507,308,52,556,555,557],"_links":{"self":[{"href":"https:\/\/www.emporioamazonervas.com.br\/index.php\/wp-json\/wp\/v2\/product\/2042"}],"collection":[{"href":"https:\/\/www.emporioamazonervas.com.br\/index.php\/wp-json\/wp\/v2\/product"}],"about":[{"href":"https:\/\/www.emporioamazonervas.com.br\/index.php\/wp-json\/wp\/v2\/types\/product"}],"replies":[{"embeddable":true,"href":"https:\/\/www.emporioamazonervas.com.br\/index.php\/wp-json\/wp\/v2\/comments?post=2042"}],"wp:featuredmedia":[{"embeddable":true,"href":"https:\/\/www.emporioamazonervas.com.br\/index.php\/wp-json\/wp\/v2\/media\/2207"}],"wp:attachment":[{"href":"https:\/\/www.emporioamazonervas.com.br\/index.php\/wp-json\/wp\/v2\/media?parent=2042"}],"wp:term":[{"taxonomy":"product_cat","embeddable":true,"href":"https:\/\/www.emporioamazonervas.com.br\/index.php\/wp-json\/wp\/v2\/product_cat?post=2042"},{"taxonomy":"product_tag","embeddable":true,"href":"https:\/\/www.emporioamazonervas.com.br\/index.php\/wp-json\/wp\/v2\/product_tag?post=2042"}],"curies":[{"name":"wp","href":"https:\/\/api.w.org\/{rel}","templated":true}]}}