{"id":2036,"date":"2022-08-31T11:52:55","date_gmt":"2022-08-31T14:52:55","guid":{"rendered":"http:\/\/www.emporioamazonervas.com.br\/?post_type=product&#038;p=2036"},"modified":"2022-09-16T18:01:02","modified_gmt":"2022-09-16T21:01:02","slug":"colageno-verisol-noite-maracuja-300g-videira-7","status":"publish","type":"product","link":"https:\/\/www.emporioamazonervas.com.br\/index.php\/produto\/colageno-verisol-noite-maracuja-300g-videira-7\/","title":{"rendered":"Col\u00e1geno Verisol Noite Maracuj\u00e1 300g &#8211; Videira 7"},"content":{"rendered":"<p>Foi desenvolvido com tecnologia inovadora, e chegou para dar aquele toque especial na sua beleza de forma r\u00e1pida, simples, acess\u00edvel e com muito sabor. Ele fortalece e aumenta a elasticidade da pele, prevenindo o aparecimento de rugas e linhas de express\u00e3o, al\u00e9m de dar aquele toque especial nos cabelos e unhas, deixando-os mais resistentes e protegidos.<\/p>\n<ul>\n<li>Melhora a qualidade da pele;<\/li>\n<li>Promove o crescimento das unhas;<\/li>\n<li>Reduz os efeitos do envelhecimento.<b>\u00a0<\/b><\/li>\n<\/ul>\n<p>&#8211;\u00a0N\u00c3O CONT\u00c9M GL\u00daTEN.<\/p>\n","protected":false},"excerpt":{"rendered":"<p>Foi desenvolvido com tecnologia inovadora, e chegou para dar aquele toque especial na sua beleza<a class=\"read-more\" href=\"https:\/\/www.emporioamazonervas.com.br\/index.php\/produto\/colageno-verisol-noite-maracuja-300g-videira-7\/\">&#8230;<\/a><\/p>\n","protected":false},"featured_media":2222,"comment_status":"open","ping_status":"closed","template":"","meta":[],"product_cat":[74],"product_tag":[594,52,554,593,556,555,261],"_links":{"self":[{"href":"https:\/\/www.emporioamazonervas.com.br\/index.php\/wp-json\/wp\/v2\/product\/2036"}],"collection":[{"href":"https:\/\/www.emporioamazonervas.com.br\/index.php\/wp-json\/wp\/v2\/product"}],"about":[{"href":"https:\/\/www.emporioamazonervas.com.br\/index.php\/wp-json\/wp\/v2\/types\/product"}],"replies":[{"embeddable":true,"href":"https:\/\/www.emporioamazonervas.com.br\/index.php\/wp-json\/wp\/v2\/comments?post=2036"}],"wp:featuredmedia":[{"embeddable":true,"href":"https:\/\/www.emporioamazonervas.com.br\/index.php\/wp-json\/wp\/v2\/media\/2222"}],"wp:attachment":[{"href":"https:\/\/www.emporioamazonervas.com.br\/index.php\/wp-json\/wp\/v2\/media?parent=2036"}],"wp:term":[{"taxonomy":"product_cat","embeddable":true,"href":"https:\/\/www.emporioamazonervas.com.br\/index.php\/wp-json\/wp\/v2\/product_cat?post=2036"},{"taxonomy":"product_tag","embeddable":true,"href":"https:\/\/www.emporioamazonervas.com.br\/index.php\/wp-json\/wp\/v2\/product_tag?post=2036"}],"curies":[{"name":"wp","href":"https:\/\/api.w.org\/{rel}","templated":true}]}}