{"id":2033,"date":"2022-08-31T10:34:19","date_gmt":"2022-08-31T13:34:19","guid":{"rendered":"http:\/\/www.emporioamazonervas.com.br\/?post_type=product&#038;p=2033"},"modified":"2022-09-16T17:50:01","modified_gmt":"2022-09-16T20:50:01","slug":"ginkgo-biloba-60-caps-470mg-videira-7","status":"publish","type":"product","link":"https:\/\/www.emporioamazonervas.com.br\/index.php\/produto\/ginkgo-biloba-60-caps-470mg-videira-7\/","title":{"rendered":"Ginkgo Biloba 60 caps 470mg &#8211; Videira 7"},"content":{"rendered":"<p>&nbsp;<\/p>\n<p>Usada a s\u00e9culos por suas propriedades medicinais, o Ginkgo Biloba \u00e9 uma \u00e1rvore de origem asi\u00e1tica. De suas folhas s\u00e3o extra\u00eddos os princ\u00edpios ativos ben\u00e9ficos. Os principais nutrientes presentes s\u00e3o os Terpen\u00f3ides e os Bioflavon\u00f3ides.<\/p>\n<p>Benef\u00edcios:<\/p>\n<p>&#8211; Evita perda de Mem\u00f3ria;<\/p>\n<p>&#8211; Melhora a Circula\u00e7\u00e3o Sangu\u00ednea Diminuindo Formigamento e Dorm\u00eancia;<\/p>\n<p>&#8211; Aumenta o Libido;<\/p>\n<p>&#8211; Melhora a Sa\u00fade do Cora\u00e7\u00e3o;<\/p>\n<p>&#8211; Diminuem Zumbido e Vertigens;<\/p>\n<p>&#8211; Melhora a Sa\u00fade Ocular.<\/p>\n","protected":false},"excerpt":{"rendered":"<p>&nbsp; Usada a s\u00e9culos por suas propriedades medicinais, o Ginkgo Biloba \u00e9 uma \u00e1rvore de<a class=\"read-more\" href=\"https:\/\/www.emporioamazonervas.com.br\/index.php\/produto\/ginkgo-biloba-60-caps-470mg-videira-7\/\">&#8230;<\/a><\/p>\n","protected":false},"featured_media":2219,"comment_status":"open","ping_status":"closed","template":"","meta":[],"product_cat":[173],"product_tag":[592,327,249,551,518],"_links":{"self":[{"href":"https:\/\/www.emporioamazonervas.com.br\/index.php\/wp-json\/wp\/v2\/product\/2033"}],"collection":[{"href":"https:\/\/www.emporioamazonervas.com.br\/index.php\/wp-json\/wp\/v2\/product"}],"about":[{"href":"https:\/\/www.emporioamazonervas.com.br\/index.php\/wp-json\/wp\/v2\/types\/product"}],"replies":[{"embeddable":true,"href":"https:\/\/www.emporioamazonervas.com.br\/index.php\/wp-json\/wp\/v2\/comments?post=2033"}],"wp:featuredmedia":[{"embeddable":true,"href":"https:\/\/www.emporioamazonervas.com.br\/index.php\/wp-json\/wp\/v2\/media\/2219"}],"wp:attachment":[{"href":"https:\/\/www.emporioamazonervas.com.br\/index.php\/wp-json\/wp\/v2\/media?parent=2033"}],"wp:term":[{"taxonomy":"product_cat","embeddable":true,"href":"https:\/\/www.emporioamazonervas.com.br\/index.php\/wp-json\/wp\/v2\/product_cat?post=2033"},{"taxonomy":"product_tag","embeddable":true,"href":"https:\/\/www.emporioamazonervas.com.br\/index.php\/wp-json\/wp\/v2\/product_tag?post=2033"}],"curies":[{"name":"wp","href":"https:\/\/api.w.org\/{rel}","templated":true}]}}