{"id":2023,"date":"2022-08-29T18:14:09","date_gmt":"2022-08-29T21:14:09","guid":{"rendered":"http:\/\/www.emporioamazonervas.com.br\/?post_type=product&#038;p=2023"},"modified":"2022-09-16T17:20:30","modified_gmt":"2022-09-16T20:20:30","slug":"redusil-60-caps-630mg-apisnutri","status":"publish","type":"product","link":"https:\/\/www.emporioamazonervas.com.br\/index.php\/produto\/redusil-60-caps-630mg-apisnutri\/","title":{"rendered":"Redusil 60 caps 630mg &#8211; ApisNutri"},"content":{"rendered":"<p><strong>Fun\u00e7\u00f5es dos componentes da formula\u00e7\u00e3o do\u00a0Redusil:<\/strong><\/p>\n<ul>\n<li style=\"text-align: justify\"><strong>\u00a0Extrato de Laranja Moro &#8211; Morosil:<\/strong>\u00a0fonte de antocianinas, flavonoides, \u00e1cidos hidroxicin\u00e2micos e vitamina C.<\/li>\n<li style=\"text-align: justify\"><strong>Caf\u00e9 verde:<\/strong>\u00a0padronizado em \u00e1cido clorog\u00eanico, impede a utiliza\u00e7\u00e3o do a\u00e7\u00facar dos alimentos, obrigando o organismo a retirar energia dos estoques de gorduras.<\/li>\n<li style=\"text-align: justify\"><strong>\u00a0Guaran\u00e1:<\/strong>\u00a0fonte de xantinas, como por exemplo a cafe\u00edna.<\/li>\n<li style=\"text-align: justify\"><strong>\u00a0Cafe\u00edna:<\/strong>\u00a0auxilia no aumento do estado de alerta, concentra\u00e7\u00e3o, resist\u00eancia e no desempenho de exerc\u00edcios f\u00edsicos.<\/li>\n<li style=\"text-align: justify\"><strong>\u00a0Picolinato de cromo:<\/strong>\u00a0auxilia no\u00a0metabolismo\u00a0de\u00a0prote\u00ednas, carboidratos\u00a0e\u00a0gorduras.<\/li>\n<\/ul>\n<p>&#8211; Mais resist\u00eancia no desempenho de exerc\u00edcios f\u00edsicos;<\/p>\n<p>&#8211; Auxilia no\u00a0metabolismo de prote\u00ednas;<\/p>\n<p>&#8211; Contribui para a perca de peso.<\/p>\n<p>&#8211; N\u00c3O CONT\u00c9M GL\u00daTEN.<\/p>\n","protected":false},"excerpt":{"rendered":"<p>Fun\u00e7\u00f5es dos componentes da formula\u00e7\u00e3o do\u00a0Redusil: \u00a0Extrato de Laranja Moro &#8211; Morosil:\u00a0fonte de antocianinas, flavonoides,<a class=\"read-more\" href=\"https:\/\/www.emporioamazonervas.com.br\/index.php\/produto\/redusil-60-caps-630mg-apisnutri\/\">&#8230;<\/a><\/p>\n","protected":false},"featured_media":2210,"comment_status":"open","ping_status":"closed","template":"","meta":[],"product_cat":[173],"product_tag":[263,136,135,543,529,330],"_links":{"self":[{"href":"https:\/\/www.emporioamazonervas.com.br\/index.php\/wp-json\/wp\/v2\/product\/2023"}],"collection":[{"href":"https:\/\/www.emporioamazonervas.com.br\/index.php\/wp-json\/wp\/v2\/product"}],"about":[{"href":"https:\/\/www.emporioamazonervas.com.br\/index.php\/wp-json\/wp\/v2\/types\/product"}],"replies":[{"embeddable":true,"href":"https:\/\/www.emporioamazonervas.com.br\/index.php\/wp-json\/wp\/v2\/comments?post=2023"}],"wp:featuredmedia":[{"embeddable":true,"href":"https:\/\/www.emporioamazonervas.com.br\/index.php\/wp-json\/wp\/v2\/media\/2210"}],"wp:attachment":[{"href":"https:\/\/www.emporioamazonervas.com.br\/index.php\/wp-json\/wp\/v2\/media?parent=2023"}],"wp:term":[{"taxonomy":"product_cat","embeddable":true,"href":"https:\/\/www.emporioamazonervas.com.br\/index.php\/wp-json\/wp\/v2\/product_cat?post=2023"},{"taxonomy":"product_tag","embeddable":true,"href":"https:\/\/www.emporioamazonervas.com.br\/index.php\/wp-json\/wp\/v2\/product_tag?post=2023"}],"curies":[{"name":"wp","href":"https:\/\/api.w.org\/{rel}","templated":true}]}}