{"id":2015,"date":"2022-08-29T17:20:38","date_gmt":"2022-08-29T20:20:38","guid":{"rendered":"http:\/\/www.emporioamazonervas.com.br\/?post_type=product&#038;p=2015"},"modified":"2022-09-16T17:36:59","modified_gmt":"2022-09-16T20:36:59","slug":"melatonina-30-caps-clinicmais","status":"publish","type":"product","link":"https:\/\/www.emporioamazonervas.com.br\/index.php\/produto\/melatonina-30-caps-clinicmais\/","title":{"rendered":"Melatonina 30 caps &#8211; ClinicMais"},"content":{"rendered":"<p style=\"text-align: justify\">O suplemento nutricional conta com composto de Melatonina, um horm\u00f4nio produzido naturalmente pelo organismo, com a fun\u00e7\u00e3o principal de regular o ciclo circadiano, fazendo com que a qualidade do sono seja boa. Al\u00e9m disso, a melatonina promove o bom funcionamento do organismo e atua como antioxidante.<\/p>\n<p style=\"text-align: justify\">Este Suplemento Nutricional promove a melhora da qualidade do sono e evita epis\u00f3dios de ins\u00f4nia. Al\u00e9m de suas propriedades como indutor do sono, ela atua como antioxidante, anti-inflamat\u00f3rio, imunomodulador, antitumoral, agindo na regula\u00e7\u00e3o do ritmo circadiano e da sazonalidade.<\/p>\n<p style=\"text-align: justify\">A melatonina \u00e9 um horm\u00f4nio secretado principalmente pela gl\u00e2ndula pineal durante a noite. Essa subst\u00e2ncia tamb\u00e9m \u00e9 sintetizada na retina, medula \u00f3ssea, trato gastrointestinal e bile. Suas fun\u00e7\u00f5es fisiol\u00f3gicas na regula\u00e7\u00e3o do ritmo circadiano, fun\u00e7\u00e3o imune, fisiologia da retina, inibi\u00e7\u00e3o de tumor e como antioxidante v\u00eam sendo investigadas.<\/p>\n<p style=\"text-align: justify\">Atrav\u00e9s da regula\u00e7\u00e3o do ritmo circadiano, a secre\u00e7\u00e3o de melatonina est\u00e1 intimamente sincronizada com o per\u00edodo de sono. A ingest\u00e3o ou inala\u00e7\u00e3o de melatonina aumenta a propens\u00e3o ao sono, a qualidade do sono e a dura\u00e7\u00e3o do REM (sono de movimentos oculares r\u00e1pidos ou sono paradoxal).<\/p>\n","protected":false},"excerpt":{"rendered":"<p>O suplemento nutricional conta com composto de Melatonina, um horm\u00f4nio produzido naturalmente pelo organismo, com<a class=\"read-more\" href=\"https:\/\/www.emporioamazonervas.com.br\/index.php\/produto\/melatonina-30-caps-clinicmais\/\">&#8230;<\/a><\/p>\n","protected":false},"featured_media":2214,"comment_status":"open","ping_status":"closed","template":"","meta":[],"product_cat":[173],"product_tag":[507,316,509,547],"_links":{"self":[{"href":"https:\/\/www.emporioamazonervas.com.br\/index.php\/wp-json\/wp\/v2\/product\/2015"}],"collection":[{"href":"https:\/\/www.emporioamazonervas.com.br\/index.php\/wp-json\/wp\/v2\/product"}],"about":[{"href":"https:\/\/www.emporioamazonervas.com.br\/index.php\/wp-json\/wp\/v2\/types\/product"}],"replies":[{"embeddable":true,"href":"https:\/\/www.emporioamazonervas.com.br\/index.php\/wp-json\/wp\/v2\/comments?post=2015"}],"wp:featuredmedia":[{"embeddable":true,"href":"https:\/\/www.emporioamazonervas.com.br\/index.php\/wp-json\/wp\/v2\/media\/2214"}],"wp:attachment":[{"href":"https:\/\/www.emporioamazonervas.com.br\/index.php\/wp-json\/wp\/v2\/media?parent=2015"}],"wp:term":[{"taxonomy":"product_cat","embeddable":true,"href":"https:\/\/www.emporioamazonervas.com.br\/index.php\/wp-json\/wp\/v2\/product_cat?post=2015"},{"taxonomy":"product_tag","embeddable":true,"href":"https:\/\/www.emporioamazonervas.com.br\/index.php\/wp-json\/wp\/v2\/product_tag?post=2015"}],"curies":[{"name":"wp","href":"https:\/\/api.w.org\/{rel}","templated":true}]}}