{"id":2013,"date":"2022-08-29T17:14:31","date_gmt":"2022-08-29T20:14:31","guid":{"rendered":"http:\/\/www.emporioamazonervas.com.br\/?post_type=product&#038;p=2013"},"modified":"2022-12-15T17:58:01","modified_gmt":"2022-12-15T20:58:01","slug":"artimag-colageno-tipo-ll-e-magnesio-30-caps-clinicmais","status":"publish","type":"product","link":"https:\/\/www.emporioamazonervas.com.br\/index.php\/produto\/artimag-colageno-tipo-ll-e-magnesio-30-caps-clinicmais\/","title":{"rendered":"Artimag Col\u00e1geno tipo ll e Magn\u00e9sio 30 caps &#8211; ClinicMais"},"content":{"rendered":"<p style=\"text-align: justify\">\u00c9 um suplemento de alta qualidade que tem como finalidade suplementar o col\u00e1geno tipo II em nosso organismo. Al\u00e9m disso podemos encontrar com diversas\u00a0vitaminas\u00a0e substancias necess\u00e1rias para o bom funcionamento do nosso organismo na composi\u00e7\u00e3o do col\u00e1geno tipo 2 , algumas delas podem ser bem dif\u00edceis de serem encontradas, ainda mais se voc\u00ea possui alguma restri\u00e7\u00e3o na dieta como a vegetariana, intoler\u00e2ncia a substancias como lactose ou simplesmente a falta de absor\u00e7\u00e3o do col\u00e1geno no organismo mesmo, o col\u00e1geno possui uma propriedade capaz de triturar os part\u00edculas\u00a0 tornando ele bem mais acess\u00edvel para pessoas que possuem essa dificuldade de absor\u00e7\u00e3o, por essas raz\u00f5es e diversas outras deve-se suplementar o col\u00e1geno tipo II.<\/p>\n<ul>\n<li style=\"text-align: justify\">Melhora a produ\u00e7\u00e3o de cartilagem de forma natural, em sua composi\u00e7\u00e3o encontramos diversos nutrientes essenciais para a produ\u00e7\u00e3o dessa substancia essencial para o boa qualidade dos ligamentos e articula\u00e7\u00f5es.<\/li>\n<li style=\"text-align: justify\">Evita dores nas articula\u00e7\u00f5es, o Col\u00e1geno tipo 2 consegue atravessar a mucosa do intestino que pode proporcionar uma melhor qualidade na produ\u00e7\u00e3o de cartilagem que pode melhorar a qualidade de vida dos ossos e ajudar nas dores articuladas.<\/li>\n<li style=\"text-align: justify\">Ideal para melhor qualidade da regenera\u00e7\u00e3o muscular, atua diretamente no aumento da qualidade da regenera\u00e7\u00e3o muscular e estrutura \u00f3ssea.<\/li>\n<li style=\"text-align: justify\">Melhora toda a qualidade da pele, pois o col\u00e1geno tipo II que est\u00e1 presente na composi\u00e7\u00e3o do Col\u00e1geno tipo II possui propriedades respons\u00e1veis pelo fortalecimento dos ossos e da pele, tornando uma qualidade de longevidade muito melhor.<\/li>\n<li style=\"text-align: justify\">Evita o envelhecimento precoce, com as propriedades respons\u00e1veis pelo melhor fortalecimento da pele e dos ossos, temos uma a\u00e7\u00e3o muito atrativa que \u00e9 o efeito antienvelhecimento que \u00e9 muito comum hoje at\u00e9 por a\u00e7\u00f5es do cotidiano, como a polui\u00e7\u00e3o ou cigarro, tudo isso pode prejudicar a sa\u00fade de sua pele.<\/li>\n<li style=\"text-align: justify\">Melhora combate a doen\u00e7as como a osteoporose, at\u00e9 mesmo outras doen\u00e7as relacionadas a dificuldades \u00f3sseas podem ser melhoradas com o consumo do Col\u00e1geno tipo 2 II.<\/li>\n<li style=\"text-align: justify\">Regula a press\u00e3o arterial, faz a regula\u00e7\u00e3o da press\u00e3o arterial o que pode beneficiar a todos que possuem altera\u00e7\u00f5es dos n\u00edveis ideias, tanto para hipertensos tanto para pessoas que sofrem de press\u00e3o baixa.<\/li>\n<\/ul>\n","protected":false},"excerpt":{"rendered":"<p>\u00c9 um suplemento de alta qualidade que tem como finalidade suplementar o col\u00e1geno tipo II<a class=\"read-more\" href=\"https:\/\/www.emporioamazonervas.com.br\/index.php\/produto\/artimag-colageno-tipo-ll-e-magnesio-30-caps-clinicmais\/\">&#8230;<\/a><\/p>\n","protected":false},"featured_media":2215,"comment_status":"open","ping_status":"closed","template":"","meta":[],"product_cat":[173],"product_tag":[79,533,585,584,580,89,317,556,178],"_links":{"self":[{"href":"https:\/\/www.emporioamazonervas.com.br\/index.php\/wp-json\/wp\/v2\/product\/2013"}],"collection":[{"href":"https:\/\/www.emporioamazonervas.com.br\/index.php\/wp-json\/wp\/v2\/product"}],"about":[{"href":"https:\/\/www.emporioamazonervas.com.br\/index.php\/wp-json\/wp\/v2\/types\/product"}],"replies":[{"embeddable":true,"href":"https:\/\/www.emporioamazonervas.com.br\/index.php\/wp-json\/wp\/v2\/comments?post=2013"}],"wp:featuredmedia":[{"embeddable":true,"href":"https:\/\/www.emporioamazonervas.com.br\/index.php\/wp-json\/wp\/v2\/media\/2215"}],"wp:attachment":[{"href":"https:\/\/www.emporioamazonervas.com.br\/index.php\/wp-json\/wp\/v2\/media?parent=2013"}],"wp:term":[{"taxonomy":"product_cat","embeddable":true,"href":"https:\/\/www.emporioamazonervas.com.br\/index.php\/wp-json\/wp\/v2\/product_cat?post=2013"},{"taxonomy":"product_tag","embeddable":true,"href":"https:\/\/www.emporioamazonervas.com.br\/index.php\/wp-json\/wp\/v2\/product_tag?post=2013"}],"curies":[{"name":"wp","href":"https:\/\/api.w.org\/{rel}","templated":true}]}}