{"id":2008,"date":"2022-08-29T12:51:23","date_gmt":"2022-08-29T15:51:23","guid":{"rendered":"http:\/\/www.emporioamazonervas.com.br\/?post_type=product&#038;p=2008"},"modified":"2022-09-23T17:26:06","modified_gmt":"2022-09-23T20:26:06","slug":"contrado-30-caps-500mg-bugroon","status":"publish","type":"product","link":"https:\/\/www.emporioamazonervas.com.br\/index.php\/produto\/contrado-30-caps-500mg-bugroon\/","title":{"rendered":"Contrad\u00f4 30 caps 500mg &#8211; Bugroon"},"content":{"rendered":"<p style=\"text-align: justify\">Em sua composi\u00e7\u00e3o cont\u00e9m Palmitoiletanolamida ou PEA \u00e9 um derivado de \u00e1cido graxo de ocorr\u00eancia natural, biologicamente ativo e presente em alimentos como ovos e amendoim. No organismo humano \u00e9 sintetizado em resposta a processos inflamat\u00f3rios e dor cr\u00f4nica, com a finalidade de modular a homeostase celular, aliviando a hiperalgia e inflama\u00e7\u00e3o. O PEA pode ser utilizado terapeuticamente no manejo da dor e inflama\u00e7\u00e3o, sendo uma alternativa na melhora da qualidade de vida das pessoas\u00a0sujeitos a estas condi\u00e7\u00f5es.<\/p>\n<p style=\"text-align: justify\">\u00c9 um excelente produto que ajuda a\u00a0desinflama os tend\u00f5es, m\u00fasculos, combatendo com efic\u00e1cia, reumatismo, ulcera, fibromialgia, gota, artrite, artrose, dores musculares, dores de cabe\u00e7a, asma, diabetes, tendinite, LER (les\u00e3o por esfor\u00e7o repetitivo) e estimula a defesa do corpo.<\/p>\n<p style=\"text-align: justify\">BENEF\u00cdCIOS DO CONTRAD\u00d4:<\/p>\n<p style=\"text-align: justify\">Artrite;<\/p>\n<p style=\"text-align: justify\">Osteoporose;<\/p>\n<p style=\"text-align: justify\">Artrose;<\/p>\n<p style=\"text-align: justify\">Reumatismo;<\/p>\n<p style=\"text-align: justify\">Perda de for\u00e7a muscular;<\/p>\n<p style=\"text-align: justify\">Gota;<\/p>\n<p style=\"text-align: justify\">Nervosismo, irritabilidade;<\/p>\n<p style=\"text-align: justify\">Fibromialgia;<\/p>\n<p style=\"text-align: justify\">Altera\u00e7\u00f5es do humor;<\/p>\n<p style=\"text-align: justify\">Dores de cabe\u00e7a;<\/p>\n<p style=\"text-align: justify\">Tens\u00e3o, ansiedade;<\/p>\n<p style=\"text-align: justify\">Dentre outras doen\u00e7as como: press\u00e3o alta, tonturas, ins\u00f4nia, bronquite asm\u00e1tica, doen\u00e7as respirat\u00f3rias, enxaquecas, sinusites, problemas nervosos, hepatite, diabetes, \u00falceras, gastrites, pris\u00e3o de ventre, infec\u00e7\u00e3o dos rins, escaras, feridas no \u00fatero e corrimento.<\/p>\n","protected":false},"excerpt":{"rendered":"<p>Em sua composi\u00e7\u00e3o cont\u00e9m Palmitoiletanolamida ou PEA \u00e9 um derivado de \u00e1cido graxo de ocorr\u00eancia<a class=\"read-more\" href=\"https:\/\/www.emporioamazonervas.com.br\/index.php\/produto\/contrado-30-caps-500mg-bugroon\/\">&#8230;<\/a><\/p>\n","protected":false},"featured_media":2281,"comment_status":"open","ping_status":"closed","template":"","meta":[],"product_cat":[173],"product_tag":[331,533,576,577,579,580,578],"_links":{"self":[{"href":"https:\/\/www.emporioamazonervas.com.br\/index.php\/wp-json\/wp\/v2\/product\/2008"}],"collection":[{"href":"https:\/\/www.emporioamazonervas.com.br\/index.php\/wp-json\/wp\/v2\/product"}],"about":[{"href":"https:\/\/www.emporioamazonervas.com.br\/index.php\/wp-json\/wp\/v2\/types\/product"}],"replies":[{"embeddable":true,"href":"https:\/\/www.emporioamazonervas.com.br\/index.php\/wp-json\/wp\/v2\/comments?post=2008"}],"wp:featuredmedia":[{"embeddable":true,"href":"https:\/\/www.emporioamazonervas.com.br\/index.php\/wp-json\/wp\/v2\/media\/2281"}],"wp:attachment":[{"href":"https:\/\/www.emporioamazonervas.com.br\/index.php\/wp-json\/wp\/v2\/media?parent=2008"}],"wp:term":[{"taxonomy":"product_cat","embeddable":true,"href":"https:\/\/www.emporioamazonervas.com.br\/index.php\/wp-json\/wp\/v2\/product_cat?post=2008"},{"taxonomy":"product_tag","embeddable":true,"href":"https:\/\/www.emporioamazonervas.com.br\/index.php\/wp-json\/wp\/v2\/product_tag?post=2008"}],"curies":[{"name":"wp","href":"https:\/\/api.w.org\/{rel}","templated":true}]}}