{"id":2000,"date":"2022-08-29T12:00:17","date_gmt":"2022-08-29T15:00:17","guid":{"rendered":"http:\/\/www.emporioamazonervas.com.br\/?post_type=product&#038;p=2000"},"modified":"2022-09-16T17:45:56","modified_gmt":"2022-09-16T20:45:56","slug":"oleo-de-semente-de-abobora-60-caps-1000mg-clinicmais","status":"publish","type":"product","link":"https:\/\/www.emporioamazonervas.com.br\/index.php\/produto\/oleo-de-semente-de-abobora-60-caps-1000mg-clinicmais\/","title":{"rendered":"\u00d3leo de Semente de Ab\u00f3bora 60 caps 1000mg &#8211; ClinicMais"},"content":{"rendered":"<p>\u00c9 rico em nutrientes e compostos bioativos importantes para o organismo que desempenham propriedades antibacterianas, antioxidantes e anti-inflamat\u00f3rias relacionadas ao controle de doen\u00e7as como hipertens\u00e3o, diabetes e c\u00e2ncer.<\/p>\n<p>Al\u00e9m disso, este produto auxilia no tratamento de bexiga hiperativa, incontin\u00eancia urin\u00e1ria e hiperplasia prost\u00e1tica benigna.<\/p>\n<ul>\n<li>Auxilia\u00a0no tratamento de patologias relacionadas \u00e0 pr\u00f3stata e melhora a fertilidade masculina;<\/li>\n<li>Melhora a hidrata\u00e7\u00e3o da pele por terem \u00f4mega 3 e vitamina E;<\/li>\n<li>Auxilia no combate doen\u00e7as cardiovasculares, por ter gorduras boas para o cora\u00e7\u00e3o e que facilitam a circula\u00e7\u00e3o sangu\u00ednea;<\/li>\n<li>Aux\u00edlio na redu\u00e7\u00e3o dos sintomas da menopausa e diminui\u00e7\u00e3o da press\u00e3o arterial;<\/li>\n<li>Ajuda a prevenir o c\u00e2ncer por serem ricas em antioxidantes que protegem as c\u00e9lulas do organismo;<\/li>\n<li>Benef\u00edcios na redu\u00e7\u00e3o do colesterol LDL (ruim) e aumento do colesterol HDL (bom), na preven\u00e7\u00e3o de doen\u00e7as cr\u00f4nicas e patologias cardiovasculares.<\/li>\n<\/ul>\n<p>&#8211;\u00a0N\u00c3O CONT\u00c9M GL\u00daTEN.<\/p>\n","protected":false},"excerpt":{"rendered":"<p>\u00c9 rico em nutrientes e compostos bioativos importantes para o organismo que desempenham propriedades antibacterianas,<a class=\"read-more\" href=\"https:\/\/www.emporioamazonervas.com.br\/index.php\/produto\/oleo-de-semente-de-abobora-60-caps-1000mg-clinicmais\/\">&#8230;<\/a><\/p>\n","protected":false},"featured_media":2217,"comment_status":"open","ping_status":"closed","template":"","meta":[],"product_cat":[173],"product_tag":[507,566,523,227,567,226,568,240,62,569,315,114],"_links":{"self":[{"href":"https:\/\/www.emporioamazonervas.com.br\/index.php\/wp-json\/wp\/v2\/product\/2000"}],"collection":[{"href":"https:\/\/www.emporioamazonervas.com.br\/index.php\/wp-json\/wp\/v2\/product"}],"about":[{"href":"https:\/\/www.emporioamazonervas.com.br\/index.php\/wp-json\/wp\/v2\/types\/product"}],"replies":[{"embeddable":true,"href":"https:\/\/www.emporioamazonervas.com.br\/index.php\/wp-json\/wp\/v2\/comments?post=2000"}],"wp:featuredmedia":[{"embeddable":true,"href":"https:\/\/www.emporioamazonervas.com.br\/index.php\/wp-json\/wp\/v2\/media\/2217"}],"wp:attachment":[{"href":"https:\/\/www.emporioamazonervas.com.br\/index.php\/wp-json\/wp\/v2\/media?parent=2000"}],"wp:term":[{"taxonomy":"product_cat","embeddable":true,"href":"https:\/\/www.emporioamazonervas.com.br\/index.php\/wp-json\/wp\/v2\/product_cat?post=2000"},{"taxonomy":"product_tag","embeddable":true,"href":"https:\/\/www.emporioamazonervas.com.br\/index.php\/wp-json\/wp\/v2\/product_tag?post=2000"}],"curies":[{"name":"wp","href":"https:\/\/api.w.org\/{rel}","templated":true}]}}