{"id":1998,"date":"2022-08-29T11:42:11","date_gmt":"2022-08-29T14:42:11","guid":{"rendered":"http:\/\/www.emporioamazonervas.com.br\/?post_type=product&#038;p=1998"},"modified":"2022-09-16T17:44:31","modified_gmt":"2022-09-16T20:44:31","slug":"mag-4-treonina-60-caps-610mg-apisnutri","status":"publish","type":"product","link":"https:\/\/www.emporioamazonervas.com.br\/index.php\/produto\/mag-4-treonina-60-caps-610mg-apisnutri\/","title":{"rendered":"MAG-4 Treonina 60 caps 610mg &#8211; ApisNutri"},"content":{"rendered":"<p style=\"text-align: justify\">\u00c9\u00a0um mix de sais de magn\u00e9sio com o amino\u00e1cido essencial Treonina, que atuam conjuntamente auxiliando o organismo em diversas fun\u00e7\u00f5es, com maior biodisponibilidade e efici\u00eancia.<\/p>\n<p style=\"text-align: justify\">Confira algumas fun\u00e7\u00f5es desempenhadas pelos componentes da formula\u00e7\u00e3o:<\/p>\n<ul style=\"text-align: justify\">\n<li>Atua em + de 300 rea\u00e7\u00f5es\u00a0bioqu\u00edmicas\u00a0no organismo humano<\/li>\n<li>Essencial no funcionamento\u00a0muscular\u00a0e neuromuscular<\/li>\n<li>Viabiliza o\u00a0metabolismo\u00a0de prote\u00ednas, carboidrato e gordura<\/li>\n<li>Indispens\u00e1vel para o\u00a0equil\u00edbrio eletrol\u00edtico do organismo.<\/li>\n<li>Auxilia na forma\u00e7\u00e3o de\u00a0ossos\u00a0e\u00a0dentes<\/li>\n<li>Est\u00e1 presente no processo de\u00a0divis\u00e3o celular<\/li>\n<li>Auxilia no funcionamento\u00a0cerebral\u00a0e\u00a0cognitivo<\/li>\n<\/ul>\n<p style=\"text-align: justify\">Cada por\u00e7\u00e3o de 2 c\u00e1psulas do produto oferece 260mg de magn\u00e9sio, o que representa 100% da IDR (Ingest\u00e3o Di\u00e1ria Recomendada) deste mineral; e ainda 200mg do amino\u00e1cido Treonina.<\/p>\n","protected":false},"excerpt":{"rendered":"<p>\u00c9\u00a0um mix de sais de magn\u00e9sio com o amino\u00e1cido essencial Treonina, que atuam conjuntamente auxiliando<a class=\"read-more\" href=\"https:\/\/www.emporioamazonervas.com.br\/index.php\/produto\/mag-4-treonina-60-caps-610mg-apisnutri\/\">&#8230;<\/a><\/p>\n","protected":false},"featured_media":2216,"comment_status":"open","ping_status":"closed","template":"","meta":[],"product_cat":[173],"product_tag":[560,563,564,565,559,561,562,89],"_links":{"self":[{"href":"https:\/\/www.emporioamazonervas.com.br\/index.php\/wp-json\/wp\/v2\/product\/1998"}],"collection":[{"href":"https:\/\/www.emporioamazonervas.com.br\/index.php\/wp-json\/wp\/v2\/product"}],"about":[{"href":"https:\/\/www.emporioamazonervas.com.br\/index.php\/wp-json\/wp\/v2\/types\/product"}],"replies":[{"embeddable":true,"href":"https:\/\/www.emporioamazonervas.com.br\/index.php\/wp-json\/wp\/v2\/comments?post=1998"}],"wp:featuredmedia":[{"embeddable":true,"href":"https:\/\/www.emporioamazonervas.com.br\/index.php\/wp-json\/wp\/v2\/media\/2216"}],"wp:attachment":[{"href":"https:\/\/www.emporioamazonervas.com.br\/index.php\/wp-json\/wp\/v2\/media?parent=1998"}],"wp:term":[{"taxonomy":"product_cat","embeddable":true,"href":"https:\/\/www.emporioamazonervas.com.br\/index.php\/wp-json\/wp\/v2\/product_cat?post=1998"},{"taxonomy":"product_tag","embeddable":true,"href":"https:\/\/www.emporioamazonervas.com.br\/index.php\/wp-json\/wp\/v2\/product_tag?post=1998"}],"curies":[{"name":"wp","href":"https:\/\/api.w.org\/{rel}","templated":true}]}}