{"id":1996,"date":"2022-08-29T11:24:52","date_gmt":"2022-08-29T14:24:52","guid":{"rendered":"http:\/\/www.emporioamazonervas.com.br\/?post_type=product&#038;p=1996"},"modified":"2022-12-15T17:44:11","modified_gmt":"2022-12-15T20:44:11","slug":"magnesio-malato-120-caps-600mg-apisnutri","status":"publish","type":"product","link":"https:\/\/www.emporioamazonervas.com.br\/index.php\/produto\/magnesio-malato-120-caps-600mg-apisnutri\/","title":{"rendered":"Magn\u00e9sio Malato 120 caps 600mg &#8211; ApisNutri"},"content":{"rendered":"<p style=\"text-align: justify\">Compreende em sua f\u00f3rmula mol\u00e9culas de\u00a0\u00e1cido m\u00e1lico\u00a0e mol\u00e9culas de\u00a0magn\u00e9sio,\u00a0que atuam de forma complementar e bastante eficaz no fornecimento de magn\u00e9sio para o organismo. Cada por\u00e7\u00e3o de 2 c\u00e1psulas do produto oferece 100% da IDR (Ingest\u00e3o Di\u00e1ria Recomendada) do mineral magn\u00e9sio.<\/p>\n<ul>\n<li style=\"text-align: justify\">O magn\u00e9sio atua em + de 300 rea\u00e7\u00f5es bioqu\u00edmicas no organismo humano<\/li>\n<li style=\"text-align: justify\">Auxilia no\u00a0metabolismo energ\u00e9tico<\/li>\n<li style=\"text-align: justify\">Atua na\u00a0forma\u00e7\u00e3o de ossos e dentes<\/li>\n<li style=\"text-align: justify\">Importante para o\u00a0metabolismo de prote\u00ednas, carboidratos e gorduras<\/li>\n<li style=\"text-align: justify\">Favorece o\u00a0funcionamento muscular e neuromuscular<\/li>\n<li style=\"text-align: justify\">Indispens\u00e1vel para o\u00a0equil\u00edbrio eletrol\u00edtico do organismo.<\/li>\n<\/ul>\n","protected":false},"excerpt":{"rendered":"<p>Compreende em sua f\u00f3rmula mol\u00e9culas de\u00a0\u00e1cido m\u00e1lico\u00a0e mol\u00e9culas de\u00a0magn\u00e9sio,\u00a0que atuam de forma complementar e bastante<a class=\"read-more\" href=\"https:\/\/www.emporioamazonervas.com.br\/index.php\/produto\/magnesio-malato-120-caps-600mg-apisnutri\/\">&#8230;<\/a><\/p>\n","protected":false},"featured_media":2715,"comment_status":"open","ping_status":"closed","template":"","meta":[],"product_cat":[173],"product_tag":[269,360,175,89,558],"_links":{"self":[{"href":"https:\/\/www.emporioamazonervas.com.br\/index.php\/wp-json\/wp\/v2\/product\/1996"}],"collection":[{"href":"https:\/\/www.emporioamazonervas.com.br\/index.php\/wp-json\/wp\/v2\/product"}],"about":[{"href":"https:\/\/www.emporioamazonervas.com.br\/index.php\/wp-json\/wp\/v2\/types\/product"}],"replies":[{"embeddable":true,"href":"https:\/\/www.emporioamazonervas.com.br\/index.php\/wp-json\/wp\/v2\/comments?post=1996"}],"wp:featuredmedia":[{"embeddable":true,"href":"https:\/\/www.emporioamazonervas.com.br\/index.php\/wp-json\/wp\/v2\/media\/2715"}],"wp:attachment":[{"href":"https:\/\/www.emporioamazonervas.com.br\/index.php\/wp-json\/wp\/v2\/media?parent=1996"}],"wp:term":[{"taxonomy":"product_cat","embeddable":true,"href":"https:\/\/www.emporioamazonervas.com.br\/index.php\/wp-json\/wp\/v2\/product_cat?post=1996"},{"taxonomy":"product_tag","embeddable":true,"href":"https:\/\/www.emporioamazonervas.com.br\/index.php\/wp-json\/wp\/v2\/product_tag?post=1996"}],"curies":[{"name":"wp","href":"https:\/\/api.w.org\/{rel}","templated":true}]}}