{"id":1991,"date":"2022-08-29T10:44:02","date_gmt":"2022-08-29T13:44:02","guid":{"rendered":"http:\/\/www.emporioamazonervas.com.br\/?post_type=product&#038;p=1991"},"modified":"2022-09-27T18:04:24","modified_gmt":"2022-09-27T21:04:24","slug":"bugroon-suplemento-com-colageno-e-chia-60-caps-500mg-bugroon","status":"publish","type":"product","link":"https:\/\/www.emporioamazonervas.com.br\/index.php\/produto\/bugroon-suplemento-com-colageno-e-chia-60-caps-500mg-bugroon\/","title":{"rendered":"Bugroon Suplemento com Col\u00e1geno e Chia 60 caps 500mg &#8211; Bugroon"},"content":{"rendered":"<p style=\"text-align: justify\">\u00c9 diur\u00e9tico, reduz o acumulo de l\u00edquidos retido no organismo, evitando problemas renais. O uso di\u00e1rio ajuda no funcionamento no intestino preso, ajuda no emagrecimento e desintoxica o organismo, reduzindo o colesterol ruim, os triglicer\u00eddeos e o \u00e1cido \u00farico, combatendo ainda o reumatismo, a azia e a m\u00e1 digest\u00e3o.<\/p>\n<ul style=\"text-align: justify\">\n<li>Auxilia na redu\u00e7\u00e3o de peso;<\/li>\n<li>Ajuda a melhorar a sa\u00fade do cora\u00e7\u00e3o;<\/li>\n<li>Controla os n\u00edveis de colesterol;<\/li>\n<li>Controla os n\u00edveis de a\u00e7\u00facar no sangue;<\/li>\n<li>Auxilia no tratamento de doen\u00e7as inflamat\u00f3rias intestinais;<\/li>\n<li>Fonte de nutrientes antioxidantes, como vitaminas A, C e E.<\/li>\n<\/ul>\n<p>&#8211; N\u00c3O CONT\u00c9M GL\u00daTEN.<\/p>\n<p style=\"text-align: justify\"><strong>*Al\u00e9rgicos: cont\u00e9m derivados de crust\u00e1ceos (camar\u00e3o, lagosta e caranguejo).<\/strong><\/p>\n","protected":false},"excerpt":{"rendered":"<p>\u00c9 diur\u00e9tico, reduz o acumulo de l\u00edquidos retido no organismo, evitando problemas renais. O uso<a class=\"read-more\" href=\"https:\/\/www.emporioamazonervas.com.br\/index.php\/produto\/bugroon-suplemento-com-colageno-e-chia-60-caps-500mg-bugroon\/\">&#8230;<\/a><\/p>\n","protected":false},"featured_media":2324,"comment_status":"open","ping_status":"closed","template":"","meta":[],"product_cat":[173],"product_tag":[552,72,52,227,296,236,353,175,330,220,553,412,551,469,113],"_links":{"self":[{"href":"https:\/\/www.emporioamazonervas.com.br\/index.php\/wp-json\/wp\/v2\/product\/1991"}],"collection":[{"href":"https:\/\/www.emporioamazonervas.com.br\/index.php\/wp-json\/wp\/v2\/product"}],"about":[{"href":"https:\/\/www.emporioamazonervas.com.br\/index.php\/wp-json\/wp\/v2\/types\/product"}],"replies":[{"embeddable":true,"href":"https:\/\/www.emporioamazonervas.com.br\/index.php\/wp-json\/wp\/v2\/comments?post=1991"}],"wp:featuredmedia":[{"embeddable":true,"href":"https:\/\/www.emporioamazonervas.com.br\/index.php\/wp-json\/wp\/v2\/media\/2324"}],"wp:attachment":[{"href":"https:\/\/www.emporioamazonervas.com.br\/index.php\/wp-json\/wp\/v2\/media?parent=1991"}],"wp:term":[{"taxonomy":"product_cat","embeddable":true,"href":"https:\/\/www.emporioamazonervas.com.br\/index.php\/wp-json\/wp\/v2\/product_cat?post=1991"},{"taxonomy":"product_tag","embeddable":true,"href":"https:\/\/www.emporioamazonervas.com.br\/index.php\/wp-json\/wp\/v2\/product_tag?post=1991"}],"curies":[{"name":"wp","href":"https:\/\/api.w.org\/{rel}","templated":true}]}}