{"id":1990,"date":"2022-08-29T10:57:29","date_gmt":"2022-08-29T13:57:29","guid":{"rendered":"http:\/\/www.emporioamazonervas.com.br\/?post_type=product&#038;p=1990"},"modified":"2022-09-16T18:23:31","modified_gmt":"2022-09-16T21:23:31","slug":"colageno-verisol-com-vitamina-c-e-biotina-120-caps-500mg-videira-7","status":"publish","type":"product","link":"https:\/\/www.emporioamazonervas.com.br\/index.php\/produto\/colageno-verisol-com-vitamina-c-e-biotina-120-caps-500mg-videira-7\/","title":{"rendered":"Col\u00e1geno Verisol com Vitamina C e Biotina 120 caps 500mg &#8211; Videira 7"},"content":{"rendered":"<p style=\"text-align: justify\">Suplemento alimentar de pept\u00eddeos bioativos de col\u00e1geno hidrolisado (Verisol) com biotina, vitamina A, vitamina C, sel\u00eanio e zinco em c\u00e1psulas.<\/p>\n<ul>\n<li>sa\u00fade das unhas;<\/li>\n<li>sa\u00fade da pele;<\/li>\n<li>sa\u00fade do cabelo.<\/li>\n<\/ul>\n<p>&#8211; N\u00c3O CONT\u00c9M GL\u00daTEN.<\/p>\n","protected":false},"excerpt":{"rendered":"<p>Suplemento alimentar de pept\u00eddeos bioativos de col\u00e1geno hidrolisado (Verisol) com biotina, vitamina A, vitamina C,<a class=\"read-more\" href=\"https:\/\/www.emporioamazonervas.com.br\/index.php\/produto\/colageno-verisol-com-vitamina-c-e-biotina-120-caps-500mg-videira-7\/\">&#8230;<\/a><\/p>\n","protected":false},"featured_media":2228,"comment_status":"open","ping_status":"closed","template":"","meta":[],"product_cat":[173],"product_tag":[308,554,556,555,557,142,112,113,115],"_links":{"self":[{"href":"https:\/\/www.emporioamazonervas.com.br\/index.php\/wp-json\/wp\/v2\/product\/1990"}],"collection":[{"href":"https:\/\/www.emporioamazonervas.com.br\/index.php\/wp-json\/wp\/v2\/product"}],"about":[{"href":"https:\/\/www.emporioamazonervas.com.br\/index.php\/wp-json\/wp\/v2\/types\/product"}],"replies":[{"embeddable":true,"href":"https:\/\/www.emporioamazonervas.com.br\/index.php\/wp-json\/wp\/v2\/comments?post=1990"}],"wp:featuredmedia":[{"embeddable":true,"href":"https:\/\/www.emporioamazonervas.com.br\/index.php\/wp-json\/wp\/v2\/media\/2228"}],"wp:attachment":[{"href":"https:\/\/www.emporioamazonervas.com.br\/index.php\/wp-json\/wp\/v2\/media?parent=1990"}],"wp:term":[{"taxonomy":"product_cat","embeddable":true,"href":"https:\/\/www.emporioamazonervas.com.br\/index.php\/wp-json\/wp\/v2\/product_cat?post=1990"},{"taxonomy":"product_tag","embeddable":true,"href":"https:\/\/www.emporioamazonervas.com.br\/index.php\/wp-json\/wp\/v2\/product_tag?post=1990"}],"curies":[{"name":"wp","href":"https:\/\/api.w.org\/{rel}","templated":true}]}}