{"id":1988,"date":"2022-08-29T10:17:45","date_gmt":"2022-08-29T13:17:45","guid":{"rendered":"http:\/\/www.emporioamazonervas.com.br\/?post_type=product&#038;p=1988"},"modified":"2022-09-16T18:24:26","modified_gmt":"2022-09-16T21:24:26","slug":"melatonina-60-caps-500mg-videira-7","status":"publish","type":"product","link":"https:\/\/www.emporioamazonervas.com.br\/index.php\/produto\/melatonina-60-caps-500mg-videira-7\/","title":{"rendered":"Melatonina 60 caps 500mg &#8211; Videira 7"},"content":{"rendered":"<p style=\"text-align: justify\">A melatonina \u00e9 um horm\u00f4nio produzido pela gl\u00e2ndula pineal dos mam\u00edferos. A pesquisa indica que pode estar associada com a regula\u00e7\u00e3o dos ciclos de sono\/vig\u00edlia. A melatonina \u00e9 um potente antioxidante que protege contra os radicais livres e ajuda a apoiar a atividade da glutationa no tecido neural.<\/p>\n<p>Melatonina \u00e9 produzida naturalmente pelo corpo e tem a habilidade de emitir sinais ao c\u00e9rebro para come\u00e7ar a interromper a atividade neural, preparar o corpo para relaxar e preparar para o sono. No entanto com a idade e atividades noturnas a produ\u00e7\u00e3o natural pode ser afetada. Falta de melatonina pode causar inquieta\u00e7\u00e3o, dificuldade em adormecer e cansa\u00e7o excessivo ao longo do dia.<\/p>\n<p>Benef\u00edcios Melatonina:<br \/>\nAjuda a regular o ciclo do sono; Absor\u00e7\u00e3o r\u00e1pida<\/p>\n<p>&#8211; N\u00c3O CONT\u00c9M GL\u00daTEN.<\/p>\n<p>&#8211; ZERO CALORIAS.<\/p>\n<p>&nbsp;<\/p>\n","protected":false},"excerpt":{"rendered":"<p>A melatonina \u00e9 um horm\u00f4nio produzido pela gl\u00e2ndula pineal dos mam\u00edferos. A pesquisa indica que<a class=\"read-more\" href=\"https:\/\/www.emporioamazonervas.com.br\/index.php\/produto\/melatonina-60-caps-500mg-videira-7\/\">&#8230;<\/a><\/p>\n","protected":false},"featured_media":2230,"comment_status":"open","ping_status":"closed","template":"","meta":[],"product_cat":[173],"product_tag":[550,316,548,520,549,547],"_links":{"self":[{"href":"https:\/\/www.emporioamazonervas.com.br\/index.php\/wp-json\/wp\/v2\/product\/1988"}],"collection":[{"href":"https:\/\/www.emporioamazonervas.com.br\/index.php\/wp-json\/wp\/v2\/product"}],"about":[{"href":"https:\/\/www.emporioamazonervas.com.br\/index.php\/wp-json\/wp\/v2\/types\/product"}],"replies":[{"embeddable":true,"href":"https:\/\/www.emporioamazonervas.com.br\/index.php\/wp-json\/wp\/v2\/comments?post=1988"}],"wp:featuredmedia":[{"embeddable":true,"href":"https:\/\/www.emporioamazonervas.com.br\/index.php\/wp-json\/wp\/v2\/media\/2230"}],"wp:attachment":[{"href":"https:\/\/www.emporioamazonervas.com.br\/index.php\/wp-json\/wp\/v2\/media?parent=1988"}],"wp:term":[{"taxonomy":"product_cat","embeddable":true,"href":"https:\/\/www.emporioamazonervas.com.br\/index.php\/wp-json\/wp\/v2\/product_cat?post=1988"},{"taxonomy":"product_tag","embeddable":true,"href":"https:\/\/www.emporioamazonervas.com.br\/index.php\/wp-json\/wp\/v2\/product_tag?post=1988"}],"curies":[{"name":"wp","href":"https:\/\/api.w.org\/{rel}","templated":true}]}}