{"id":1986,"date":"2022-08-29T09:56:12","date_gmt":"2022-08-29T12:56:12","guid":{"rendered":"http:\/\/www.emporioamazonervas.com.br\/?post_type=product&#038;p=1986"},"modified":"2022-09-16T18:29:00","modified_gmt":"2022-09-16T21:29:00","slug":"vitamin-d3-gummy-sanavita","status":"publish","type":"product","link":"https:\/\/www.emporioamazonervas.com.br\/index.php\/produto\/vitamin-d3-gummy-sanavita\/","title":{"rendered":"Vitamin D3 Gummy  &#8211; Sanavita"},"content":{"rendered":"<p style=\"text-align: justify\">\u00c9 um suplemento alimentar que ajuda na forma\u00e7\u00e3o dos ossos, garantindo mais imunidade, al\u00e9m de auxiliar no funcionamento adequado dos m\u00fasculos.<\/p>\n<p>Em forma de goma zero a\u00e7\u00facares, \u00e9 uma alternativa pr\u00e1tica e gostosa \u00e0s c\u00e1psulas, e tem um delicioso sabor natural de tangerina e utiliza a c\u00farcuma para colora\u00e7\u00e3o.<\/p>\n<p>Uma \u00fanica gominha cont\u00e9m 2000 UI (50 \u00b5g) de vitamina D3 de alta absor\u00e7\u00e3o.<\/p>\n<p>\u00c9 recomendada para adultos e crian\u00e7as acima de 9 anos, que precisam repor essa vitamina essencial para a sa\u00fade.<\/p>\n","protected":false},"excerpt":{"rendered":"<p>\u00c9 um suplemento alimentar que ajuda na forma\u00e7\u00e3o dos ossos, garantindo mais imunidade, al\u00e9m de<a class=\"read-more\" href=\"https:\/\/www.emporioamazonervas.com.br\/index.php\/produto\/vitamin-d3-gummy-sanavita\/\">&#8230;<\/a><\/p>\n","protected":false},"featured_media":2231,"comment_status":"open","ping_status":"closed","template":"","meta":[],"product_cat":[173],"product_tag":[508,89,469,267,124],"_links":{"self":[{"href":"https:\/\/www.emporioamazonervas.com.br\/index.php\/wp-json\/wp\/v2\/product\/1986"}],"collection":[{"href":"https:\/\/www.emporioamazonervas.com.br\/index.php\/wp-json\/wp\/v2\/product"}],"about":[{"href":"https:\/\/www.emporioamazonervas.com.br\/index.php\/wp-json\/wp\/v2\/types\/product"}],"replies":[{"embeddable":true,"href":"https:\/\/www.emporioamazonervas.com.br\/index.php\/wp-json\/wp\/v2\/comments?post=1986"}],"wp:featuredmedia":[{"embeddable":true,"href":"https:\/\/www.emporioamazonervas.com.br\/index.php\/wp-json\/wp\/v2\/media\/2231"}],"wp:attachment":[{"href":"https:\/\/www.emporioamazonervas.com.br\/index.php\/wp-json\/wp\/v2\/media?parent=1986"}],"wp:term":[{"taxonomy":"product_cat","embeddable":true,"href":"https:\/\/www.emporioamazonervas.com.br\/index.php\/wp-json\/wp\/v2\/product_cat?post=1986"},{"taxonomy":"product_tag","embeddable":true,"href":"https:\/\/www.emporioamazonervas.com.br\/index.php\/wp-json\/wp\/v2\/product_tag?post=1986"}],"curies":[{"name":"wp","href":"https:\/\/api.w.org\/{rel}","templated":true}]}}