{"id":1984,"date":"2022-08-29T09:48:16","date_gmt":"2022-08-29T12:48:16","guid":{"rendered":"http:\/\/www.emporioamazonervas.com.br\/?post_type=product&#038;p=1984"},"modified":"2022-09-16T18:30:08","modified_gmt":"2022-09-16T21:30:08","slug":"laranja-moro-60-caps-clinicmais","status":"publish","type":"product","link":"https:\/\/www.emporioamazonervas.com.br\/index.php\/produto\/laranja-moro-60-caps-clinicmais\/","title":{"rendered":"Laranja Moro 60 caps 500mg &#8211; ClinicMais"},"content":{"rendered":"<p style=\"text-align: justify\">O Suplemento Alimentar Laranja Moro \u00e9 o extrato do suco de laranjas vermelhas Moro e atua como um aliado para combater a gordura localizada, reduzir medidas e perder barriga.<\/p>\n<p style=\"text-align: justify\">O Suplemento alimentos Laranja Moro em c\u00e1psulas tem a\u00e7\u00e3o na redu\u00e7\u00e3o de medidas (principalmente redu\u00e7\u00e3o da gordura abdominal) e no gerenciamento de peso, al\u00e9m contribui de maneira eficaz na queima de gordura corporal saud\u00e1vel.<\/p>\n<p>Pode ser utilizado para\u00a0melhorar a qualidade da pele, por conta da concentra\u00e7\u00e3o elevada de\u00a0vitamina C\u00a0e\u00a0\u00e1cidos hidroxicin\u00e2micos que possui subst\u00e2ncias que t\u00eam\u00a0a\u00e7\u00e3o antioxidante e previnem o envelhecimento precoce.<\/p>\n<p style=\"text-align: justify\">O produto tamb\u00e9m pode ser aplicado para cuidar da sa\u00fade e bom funcionamento do organismo devido \u00e0s suas altas taxas de flavon\u00f3ides.<\/p>\n<p style=\"text-align: justify\">Al\u00e9m de aumentar a sensibilidade \u00e0 insulina, reduz os triglicer\u00eddeos e o colesterol. Um Suplemento Alimentar completo para auxiliar nos seus h\u00e1bitos saud\u00e1veis e controle de peso.<\/p>\n<p style=\"text-align: justify\">&#8211; N\u00c3O CONT\u00c9M GL\u00daTEN.<\/p>\n","protected":false},"excerpt":{"rendered":"<p>O Suplemento Alimentar Laranja Moro \u00e9 o extrato do suco de laranjas vermelhas Moro e<a class=\"read-more\" href=\"https:\/\/www.emporioamazonervas.com.br\/index.php\/produto\/laranja-moro-60-caps-clinicmais\/\">&#8230;<\/a><\/p>\n","protected":false},"featured_media":2232,"comment_status":"open","ping_status":"closed","template":"","meta":[],"product_cat":[173],"product_tag":[316,227,546,545,543,544,469,113],"_links":{"self":[{"href":"https:\/\/www.emporioamazonervas.com.br\/index.php\/wp-json\/wp\/v2\/product\/1984"}],"collection":[{"href":"https:\/\/www.emporioamazonervas.com.br\/index.php\/wp-json\/wp\/v2\/product"}],"about":[{"href":"https:\/\/www.emporioamazonervas.com.br\/index.php\/wp-json\/wp\/v2\/types\/product"}],"replies":[{"embeddable":true,"href":"https:\/\/www.emporioamazonervas.com.br\/index.php\/wp-json\/wp\/v2\/comments?post=1984"}],"wp:featuredmedia":[{"embeddable":true,"href":"https:\/\/www.emporioamazonervas.com.br\/index.php\/wp-json\/wp\/v2\/media\/2232"}],"wp:attachment":[{"href":"https:\/\/www.emporioamazonervas.com.br\/index.php\/wp-json\/wp\/v2\/media?parent=1984"}],"wp:term":[{"taxonomy":"product_cat","embeddable":true,"href":"https:\/\/www.emporioamazonervas.com.br\/index.php\/wp-json\/wp\/v2\/product_cat?post=1984"},{"taxonomy":"product_tag","embeddable":true,"href":"https:\/\/www.emporioamazonervas.com.br\/index.php\/wp-json\/wp\/v2\/product_tag?post=1984"}],"curies":[{"name":"wp","href":"https:\/\/api.w.org\/{rel}","templated":true}]}}