{"id":1982,"date":"2022-08-29T09:35:46","date_gmt":"2022-08-29T12:35:46","guid":{"rendered":"http:\/\/www.emporioamazonervas.com.br\/?post_type=product&#038;p=1982"},"modified":"2022-11-08T10:12:56","modified_gmt":"2022-11-08T13:12:56","slug":"hyaluronic-c-30-caps-sanavita","status":"publish","type":"product","link":"https:\/\/www.emporioamazonervas.com.br\/index.php\/produto\/hyaluronic-c-30-caps-sanavita\/","title":{"rendered":"Hyaluronic C 30 caps &#8211; Sanavita"},"content":{"rendered":"<p style=\"text-align: justify\">Hyaluronic C \u00e9 o seu skin booster di\u00e1rio em c\u00e1psulas para a reposi\u00e7\u00e3o de \u00e1cido hialur\u00f4nico e vitamina C na pele.<\/p>\n<p style=\"text-align: justify\">\u00c9 um suplemento que re\u00fane uma quantidade superconcentrada de \u00e1cido hialur\u00f4nico (150mg) de alta absor\u00e7\u00e3o, que tem a produ\u00e7\u00e3o diminu\u00edda no organismo com o passar dos anos e \u00e9 a subst\u00e2ncia respons\u00e1vel por restaurar a estrutura e hidrata\u00e7\u00e3o da pele.<\/p>\n<p style=\"text-align: justify\">Diferente do \u00e1cido hialur\u00f4nico indicado para as articula\u00e7\u00f5es, o \u00e1cido hialur\u00f4nico utilizado nesse suplemento tem peso molecular espec\u00edfico para a pele (300 a 600kDa), um grande diferencial do produto.<\/p>\n<p style=\"text-align: justify\">A f\u00f3rmula de Hyaluronic C apresenta ainda um alto conte\u00fado de vitamina C, poderoso antioxidante que auxilia na forma\u00e7\u00e3o do col\u00e1geno, combatendo a a\u00e7\u00e3o dos radicais livres causadores do envelhecimento da pele.<\/p>\n<p style=\"text-align: justify\">Agindo em sinergia, esses dois componentes potencializam a nutri\u00e7\u00e3o de dentro para fora e trazem resultados ainda mais efetivos e intensos para seu ritual de beleza.<\/p>\n<p style=\"text-align: justify\">\u00c9 uma \u00f3tima escolha para veganos, que n\u00e3o utilizam prote\u00ednas animais como o col\u00e1geno hidrolisado.<\/p>\n","protected":false},"excerpt":{"rendered":"<p>Hyaluronic C \u00e9 o seu skin booster di\u00e1rio em c\u00e1psulas para a reposi\u00e7\u00e3o de \u00e1cido<a class=\"read-more\" href=\"https:\/\/www.emporioamazonervas.com.br\/index.php\/produto\/hyaluronic-c-30-caps-sanavita\/\">&#8230;<\/a><\/p>\n","protected":false},"featured_media":2234,"comment_status":"open","ping_status":"closed","template":"","meta":[],"product_cat":[173],"product_tag":[542,316,52,520,113],"_links":{"self":[{"href":"https:\/\/www.emporioamazonervas.com.br\/index.php\/wp-json\/wp\/v2\/product\/1982"}],"collection":[{"href":"https:\/\/www.emporioamazonervas.com.br\/index.php\/wp-json\/wp\/v2\/product"}],"about":[{"href":"https:\/\/www.emporioamazonervas.com.br\/index.php\/wp-json\/wp\/v2\/types\/product"}],"replies":[{"embeddable":true,"href":"https:\/\/www.emporioamazonervas.com.br\/index.php\/wp-json\/wp\/v2\/comments?post=1982"}],"wp:featuredmedia":[{"embeddable":true,"href":"https:\/\/www.emporioamazonervas.com.br\/index.php\/wp-json\/wp\/v2\/media\/2234"}],"wp:attachment":[{"href":"https:\/\/www.emporioamazonervas.com.br\/index.php\/wp-json\/wp\/v2\/media?parent=1982"}],"wp:term":[{"taxonomy":"product_cat","embeddable":true,"href":"https:\/\/www.emporioamazonervas.com.br\/index.php\/wp-json\/wp\/v2\/product_cat?post=1982"},{"taxonomy":"product_tag","embeddable":true,"href":"https:\/\/www.emporioamazonervas.com.br\/index.php\/wp-json\/wp\/v2\/product_tag?post=1982"}],"curies":[{"name":"wp","href":"https:\/\/api.w.org\/{rel}","templated":true}]}}