{"id":1980,"date":"2022-08-29T09:19:58","date_gmt":"2022-08-29T12:19:58","guid":{"rendered":"http:\/\/www.emporioamazonervas.com.br\/?post_type=product&#038;p=1980"},"modified":"2022-09-16T18:45:33","modified_gmt":"2022-09-16T21:45:33","slug":"detox-60-caps-500mg-videira-7","status":"publish","type":"product","link":"https:\/\/www.emporioamazonervas.com.br\/index.php\/produto\/detox-60-caps-500mg-videira-7\/","title":{"rendered":"Detox 60 caps 500mg &#8211; Videira 7"},"content":{"rendered":"<p style=\"text-align: justify\">O Detox \u00e9 um suplemento a base de Espirulina, Chlorella, Cromo, Guaran\u00e1 e vitamina C. Auxiliando no funcionamento do sistema imune, al\u00e9m de ajudar no metabolismo de prote\u00ednas, carboidratos, gorduras e energ\u00e9tico.<\/p>\n<ul>\n<li style=\"text-align: justify\">Desintoxica organismo;<\/li>\n<li style=\"text-align: justify\">Acelera o metabolismo;<\/li>\n<li style=\"text-align: justify\">Reduz apetite;<\/li>\n<li style=\"text-align: justify\">Auxilia na perda de peso;<\/li>\n<li style=\"text-align: justify\">Fortalece sistema imunol\u00f3gico;<\/li>\n<li style=\"text-align: justify\">Elimina reten\u00e7\u00e3o de l\u00edquidos;<\/li>\n<li style=\"text-align: justify\">Reduz incha\u00e7o;<\/li>\n<li style=\"text-align: justify\">Mais energia.<\/li>\n<\/ul>\n<p>N\u00c3O CONT\u00c9M GL\u00daTEN.<\/p>\n","protected":false},"excerpt":{"rendered":"<p>O Detox \u00e9 um suplemento a base de Espirulina, Chlorella, Cromo, Guaran\u00e1 e vitamina C.<a class=\"read-more\" href=\"https:\/\/www.emporioamazonervas.com.br\/index.php\/produto\/detox-60-caps-500mg-videira-7\/\">&#8230;<\/a><\/p>\n","protected":false},"featured_media":2233,"comment_status":"open","ping_status":"closed","template":"","meta":[],"product_cat":[173],"product_tag":[540,143,541,265,187,360,353,135,508,261,113],"_links":{"self":[{"href":"https:\/\/www.emporioamazonervas.com.br\/index.php\/wp-json\/wp\/v2\/product\/1980"}],"collection":[{"href":"https:\/\/www.emporioamazonervas.com.br\/index.php\/wp-json\/wp\/v2\/product"}],"about":[{"href":"https:\/\/www.emporioamazonervas.com.br\/index.php\/wp-json\/wp\/v2\/types\/product"}],"replies":[{"embeddable":true,"href":"https:\/\/www.emporioamazonervas.com.br\/index.php\/wp-json\/wp\/v2\/comments?post=1980"}],"wp:featuredmedia":[{"embeddable":true,"href":"https:\/\/www.emporioamazonervas.com.br\/index.php\/wp-json\/wp\/v2\/media\/2233"}],"wp:attachment":[{"href":"https:\/\/www.emporioamazonervas.com.br\/index.php\/wp-json\/wp\/v2\/media?parent=1980"}],"wp:term":[{"taxonomy":"product_cat","embeddable":true,"href":"https:\/\/www.emporioamazonervas.com.br\/index.php\/wp-json\/wp\/v2\/product_cat?post=1980"},{"taxonomy":"product_tag","embeddable":true,"href":"https:\/\/www.emporioamazonervas.com.br\/index.php\/wp-json\/wp\/v2\/product_tag?post=1980"}],"curies":[{"name":"wp","href":"https:\/\/api.w.org\/{rel}","templated":true}]}}