{"id":1949,"date":"2022-08-27T10:01:20","date_gmt":"2022-08-27T13:01:20","guid":{"rendered":"http:\/\/www.emporioamazonervas.com.br\/?post_type=product&#038;p=1949"},"modified":"2022-09-17T10:19:55","modified_gmt":"2022-09-17T13:19:55","slug":"biofit-hibisco-soluvel-adocado-com-estevia-200g","status":"publish","type":"product","link":"https:\/\/www.emporioamazonervas.com.br\/index.php\/produto\/biofit-hibisco-soluvel-adocado-com-estevia-200g\/","title":{"rendered":"Biofit Hibisco Sol\u00favel Ado\u00e7ado com Est\u00e9via 200g &#8211; ClinicMais"},"content":{"rendered":"<p>Biofit Hibisco \u00e9 um suplemento composto pela flor de hibisco, que auxilia em regular os n\u00edveis de colesterol e triglic\u00e9rides, al\u00e9m auxiliar no controle da press\u00e3o arterial.<\/p>\n<ul class=\"advantages-benefits\">\n<li>Efeito\u00a0Termog\u00eanico;<\/li>\n<li>Rico em Antioxidantes;<\/li>\n<li>Favorece o Controle do Colesterol e Triglic\u00e9rides;<\/li>\n<li>Auxila no controle da press\u00e3o arterial.<\/li>\n<\/ul>\n<p>&#8211; N\u00c3O CONT\u00c9M GL\u00daTEN;<\/p>\n<p>&#8211; N\u00c3O CONT\u00c9M LACTOSE;<\/p>\n<p>&#8211; ZERO A\u00c7\u00daCAR;<\/p>\n<p style=\"text-align: justify\">&#8211; ADO\u00c7ADO COM EST\u00c9VIA;<\/p>\n<p style=\"text-align: justify\">&#8211; PRODUTO 100% NATUTAL.<\/p>\n<p style=\"text-align: justify\">\n","protected":false},"excerpt":{"rendered":"<p>Biofit Hibisco \u00e9 um suplemento composto pela flor de hibisco, que auxilia em regular os<a class=\"read-more\" href=\"https:\/\/www.emporioamazonervas.com.br\/index.php\/produto\/biofit-hibisco-soluvel-adocado-com-estevia-200g\/\">&#8230;<\/a><\/p>\n","protected":false},"featured_media":2235,"comment_status":"open","ping_status":"closed","template":"","meta":[],"product_cat":[131],"product_tag":[204,301,84,124],"_links":{"self":[{"href":"https:\/\/www.emporioamazonervas.com.br\/index.php\/wp-json\/wp\/v2\/product\/1949"}],"collection":[{"href":"https:\/\/www.emporioamazonervas.com.br\/index.php\/wp-json\/wp\/v2\/product"}],"about":[{"href":"https:\/\/www.emporioamazonervas.com.br\/index.php\/wp-json\/wp\/v2\/types\/product"}],"replies":[{"embeddable":true,"href":"https:\/\/www.emporioamazonervas.com.br\/index.php\/wp-json\/wp\/v2\/comments?post=1949"}],"wp:featuredmedia":[{"embeddable":true,"href":"https:\/\/www.emporioamazonervas.com.br\/index.php\/wp-json\/wp\/v2\/media\/2235"}],"wp:attachment":[{"href":"https:\/\/www.emporioamazonervas.com.br\/index.php\/wp-json\/wp\/v2\/media?parent=1949"}],"wp:term":[{"taxonomy":"product_cat","embeddable":true,"href":"https:\/\/www.emporioamazonervas.com.br\/index.php\/wp-json\/wp\/v2\/product_cat?post=1949"},{"taxonomy":"product_tag","embeddable":true,"href":"https:\/\/www.emporioamazonervas.com.br\/index.php\/wp-json\/wp\/v2\/product_tag?post=1949"}],"curies":[{"name":"wp","href":"https:\/\/api.w.org\/{rel}","templated":true}]}}