{"id":1947,"date":"2022-08-27T09:49:33","date_gmt":"2022-08-27T12:49:33","guid":{"rendered":"http:\/\/www.emporioamazonervas.com.br\/?post_type=product&#038;p=1947"},"modified":"2022-09-17T12:21:48","modified_gmt":"2022-09-17T15:21:48","slug":"leveza-30-60-caps-430mg-clinicmais","status":"publish","type":"product","link":"https:\/\/www.emporioamazonervas.com.br\/index.php\/produto\/leveza-30-60-caps-430mg-clinicmais\/","title":{"rendered":"Leveza 30 60 caps 430mg &#8211; ClinicMais"},"content":{"rendered":"<p style=\"text-align: justify\">A combina\u00e7\u00e3o de Hibisco e Laranja-amarga que se unem ao ch\u00e1 que proporciona mais sa\u00fade e bem-estar. T\u00eam a\u00e7\u00e3o diur\u00e9tica auxiliando na diminui\u00e7\u00e3o da reten\u00e7\u00e3o de l\u00edquidos, ajuda na acelera\u00e7\u00e3o do metabolismo. Sendo um aliado no controle de peso. Esses dois componentes possuem a\u00e7\u00e3o antioxidante, o que auxilia a neutralizar a a\u00e7\u00e3o dos radicais livres no organismo.<\/p>\n<ul>\n<li style=\"text-align: justify\">O Hibisco tem a\u00e7\u00e3o diur\u00e9tica e auxilia para diminui\u00e7\u00e3o da reten\u00e7\u00e3o de l\u00edquidos.<\/li>\n<li style=\"text-align: justify\">A Laranja-amarga tem componentes que auxiliam na acelera\u00e7\u00e3o do metabolismo e s\u00e3o aliados para o controle de peso.<\/li>\n<li style=\"text-align: justify\">Esses dois componentes possuem a\u00e7\u00e3o antioxidante, o que auxilia a neutralizar a a\u00e7\u00e3o dos radicais livres no organismo.<\/li>\n<li style=\"text-align: justify\">Por ser rico em \u00e1cidos org\u00e2nicos, polifen\u00f3is, antocianinas e polissacar\u00eddeos, o Hibisco tamb\u00e9m auxilia na manuten\u00e7\u00e3o do sistema cardiovascular.<\/li>\n<\/ul>\n<p>&nbsp;<\/p>\n","protected":false},"excerpt":{"rendered":"<p>A combina\u00e7\u00e3o de Hibisco e Laranja-amarga que se unem ao ch\u00e1 que proporciona mais sa\u00fade<a class=\"read-more\" href=\"https:\/\/www.emporioamazonervas.com.br\/index.php\/produto\/leveza-30-60-caps-430mg-clinicmais\/\">&#8230;<\/a><\/p>\n","protected":false},"featured_media":2239,"comment_status":"open","ping_status":"closed","template":"","meta":[],"product_cat":[173],"product_tag":[316,236,301,153,520],"_links":{"self":[{"href":"https:\/\/www.emporioamazonervas.com.br\/index.php\/wp-json\/wp\/v2\/product\/1947"}],"collection":[{"href":"https:\/\/www.emporioamazonervas.com.br\/index.php\/wp-json\/wp\/v2\/product"}],"about":[{"href":"https:\/\/www.emporioamazonervas.com.br\/index.php\/wp-json\/wp\/v2\/types\/product"}],"replies":[{"embeddable":true,"href":"https:\/\/www.emporioamazonervas.com.br\/index.php\/wp-json\/wp\/v2\/comments?post=1947"}],"wp:featuredmedia":[{"embeddable":true,"href":"https:\/\/www.emporioamazonervas.com.br\/index.php\/wp-json\/wp\/v2\/media\/2239"}],"wp:attachment":[{"href":"https:\/\/www.emporioamazonervas.com.br\/index.php\/wp-json\/wp\/v2\/media?parent=1947"}],"wp:term":[{"taxonomy":"product_cat","embeddable":true,"href":"https:\/\/www.emporioamazonervas.com.br\/index.php\/wp-json\/wp\/v2\/product_cat?post=1947"},{"taxonomy":"product_tag","embeddable":true,"href":"https:\/\/www.emporioamazonervas.com.br\/index.php\/wp-json\/wp\/v2\/product_tag?post=1947"}],"curies":[{"name":"wp","href":"https:\/\/api.w.org\/{rel}","templated":true}]}}