{"id":1942,"date":"2022-08-27T09:16:06","date_gmt":"2022-08-27T12:16:06","guid":{"rendered":"http:\/\/www.emporioamazonervas.com.br\/?post_type=product&#038;p=1942"},"modified":"2022-09-19T15:13:23","modified_gmt":"2022-09-19T18:13:23","slug":"imuno-polen-60-caps-450mg-clinicmais","status":"publish","type":"product","link":"https:\/\/www.emporioamazonervas.com.br\/index.php\/produto\/imuno-polen-60-caps-450mg-clinicmais\/","title":{"rendered":"Imuno p\u00f3len 60 caps 450mg ClinicMais"},"content":{"rendered":"<p style=\"text-align: justify\">A combina\u00e7\u00e3o das propriedades do P\u00f3len Ap\u00edcola\u00a0com vitaminas e minerais atua como refor\u00e7o imunol\u00f3gico \u00e9 energizante e revitalizante para o organismo. Cont\u00e9m subst\u00e2ncias antibi\u00f3ticas, regula os sistemas cardiovascular e respirat\u00f3rio, antioxidante e auxilia na prote\u00e7\u00e3o dos danos causados pelos radicais livres.<\/p>\n<ul>\n<li style=\"text-align: justify\">N\u00c3O CONT\u00c9M GLUT\u00c9N<\/li>\n<li style=\"text-align: justify\">Alto conte\u00fado de vitamina A, C, E, B6, B1, B2, B12, B5, \u00e1cido f\u00f3lico, ferro e zinco.<\/li>\n<li style=\"text-align: justify\">As vitaminas C, B2, E e sel\u00eanio s\u00e3o antioxidantes que auxiliam na prote\u00e7\u00e3o dos danos causados pelos radicais livres.<\/li>\n<li style=\"text-align: justify\">As vitaminas C, D e B6 auxiliam no funcionamento do sistema imune.<\/li>\n<\/ul>\n<p style=\"text-align: justify\">O p\u00f3len ap\u00edcola possui propriedades nutricionais, funcionais e medicinais, al\u00e9m de consider\u00e1vel teor de compostos fen\u00f3licos (tais como flavonoides, \u00e1cidos fen\u00f3licos e diterpenos fen\u00f3licos), que dentre outras propriedades biol\u00f3gicas, possuem a\u00e7\u00e3o antioxidante. A propriedade antioxidante tem efeitos radioprotetores, detoxificantes e anti-inflamat\u00f3rios, al\u00e9m de ser importante no retardo do envelhecimento e na preven\u00e7\u00e3o de doen\u00e7as, como cardiovasculares e diabetes.<\/p>\n","protected":false},"excerpt":{"rendered":"<p>A combina\u00e7\u00e3o das propriedades do P\u00f3len Ap\u00edcola\u00a0com vitaminas e minerais atua como refor\u00e7o imunol\u00f3gico \u00e9<a class=\"read-more\" href=\"https:\/\/www.emporioamazonervas.com.br\/index.php\/produto\/imuno-polen-60-caps-450mg-clinicmais\/\">&#8230;<\/a><\/p>\n","protected":false},"featured_media":2244,"comment_status":"open","ping_status":"closed","template":"","meta":[],"product_cat":[173],"product_tag":[523,360,508,522,524,525],"_links":{"self":[{"href":"https:\/\/www.emporioamazonervas.com.br\/index.php\/wp-json\/wp\/v2\/product\/1942"}],"collection":[{"href":"https:\/\/www.emporioamazonervas.com.br\/index.php\/wp-json\/wp\/v2\/product"}],"about":[{"href":"https:\/\/www.emporioamazonervas.com.br\/index.php\/wp-json\/wp\/v2\/types\/product"}],"replies":[{"embeddable":true,"href":"https:\/\/www.emporioamazonervas.com.br\/index.php\/wp-json\/wp\/v2\/comments?post=1942"}],"wp:featuredmedia":[{"embeddable":true,"href":"https:\/\/www.emporioamazonervas.com.br\/index.php\/wp-json\/wp\/v2\/media\/2244"}],"wp:attachment":[{"href":"https:\/\/www.emporioamazonervas.com.br\/index.php\/wp-json\/wp\/v2\/media?parent=1942"}],"wp:term":[{"taxonomy":"product_cat","embeddable":true,"href":"https:\/\/www.emporioamazonervas.com.br\/index.php\/wp-json\/wp\/v2\/product_cat?post=1942"},{"taxonomy":"product_tag","embeddable":true,"href":"https:\/\/www.emporioamazonervas.com.br\/index.php\/wp-json\/wp\/v2\/product_tag?post=1942"}],"curies":[{"name":"wp","href":"https:\/\/api.w.org\/{rel}","templated":true}]}}