{"id":1935,"date":"2022-08-26T13:38:14","date_gmt":"2022-08-26T16:38:14","guid":{"rendered":"http:\/\/www.emporioamazonervas.com.br\/?post_type=product&#038;p=1935"},"modified":"2022-09-19T15:33:23","modified_gmt":"2022-09-19T18:33:23","slug":"luteina-e-zeaxantina-clinic-mais-30-capsulas","status":"publish","type":"product","link":"https:\/\/www.emporioamazonervas.com.br\/index.php\/produto\/luteina-e-zeaxantina-clinic-mais-30-capsulas\/","title":{"rendered":"Lute\u00edna e Zeaxantina 30 C\u00e1psulas &#8211; ClinicMais"},"content":{"rendered":"<p><strong>Lute\u00edna e zeaxantina<\/strong><\/p>\n<p>A lute\u00edna e a zeaxantina s\u00e3o carotenoides (subst\u00e2ncias derivadas da vitamina A), que contribuem para a fotoprote\u00e7\u00e3o da pele, t\u00eam fun\u00e7\u00f5es para a sa\u00fade ocular, s\u00e3o antioxidantes, previnem na degenera\u00e7\u00e3o muscular e protegem as c\u00e9lulas sadias do organismo contra a a\u00e7\u00e3o dos radicais livres.<\/p>\n<p>Tem fun\u00e7\u00e3o antioxidante;<\/p>\n<p>A zeaxantina \u00e9 um fotoprotetor durante a exposi\u00e7\u00e3o \u00e0 luz prolongada;<\/p>\n<p>A lute\u00edna pode prevenir doen\u00e7as oculares;<\/p>\n<p>A lute\u00edna auxilia na redu\u00e7\u00e3o do risco da degenera\u00e7\u00e3o macular relacionada \u00e0 idade (DMRI) e retinopatia diab\u00e9tica.<\/p>\n","protected":false},"excerpt":{"rendered":"<p>Lute\u00edna e zeaxantina A lute\u00edna e a zeaxantina s\u00e3o carotenoides (subst\u00e2ncias derivadas da vitamina A),<a class=\"read-more\" href=\"https:\/\/www.emporioamazonervas.com.br\/index.php\/produto\/luteina-e-zeaxantina-clinic-mais-30-capsulas\/\">&#8230;<\/a><\/p>\n","protected":false},"featured_media":2246,"comment_status":"open","ping_status":"closed","template":"","meta":[],"product_cat":[173],"product_tag":[316,519,517,520,521,518,112],"_links":{"self":[{"href":"https:\/\/www.emporioamazonervas.com.br\/index.php\/wp-json\/wp\/v2\/product\/1935"}],"collection":[{"href":"https:\/\/www.emporioamazonervas.com.br\/index.php\/wp-json\/wp\/v2\/product"}],"about":[{"href":"https:\/\/www.emporioamazonervas.com.br\/index.php\/wp-json\/wp\/v2\/types\/product"}],"replies":[{"embeddable":true,"href":"https:\/\/www.emporioamazonervas.com.br\/index.php\/wp-json\/wp\/v2\/comments?post=1935"}],"wp:featuredmedia":[{"embeddable":true,"href":"https:\/\/www.emporioamazonervas.com.br\/index.php\/wp-json\/wp\/v2\/media\/2246"}],"wp:attachment":[{"href":"https:\/\/www.emporioamazonervas.com.br\/index.php\/wp-json\/wp\/v2\/media?parent=1935"}],"wp:term":[{"taxonomy":"product_cat","embeddable":true,"href":"https:\/\/www.emporioamazonervas.com.br\/index.php\/wp-json\/wp\/v2\/product_cat?post=1935"},{"taxonomy":"product_tag","embeddable":true,"href":"https:\/\/www.emporioamazonervas.com.br\/index.php\/wp-json\/wp\/v2\/product_tag?post=1935"}],"curies":[{"name":"wp","href":"https:\/\/api.w.org\/{rel}","templated":true}]}}