{"id":1931,"date":"2022-08-26T13:22:49","date_gmt":"2022-08-26T16:22:49","guid":{"rendered":"http:\/\/www.emporioamazonervas.com.br\/?post_type=product&#038;p=1931"},"modified":"2022-09-16T18:19:00","modified_gmt":"2022-09-16T21:19:00","slug":"apetinibe-60-capsulas","status":"publish","type":"product","link":"https:\/\/www.emporioamazonervas.com.br\/index.php\/produto\/apetinibe-60-capsulas\/","title":{"rendered":"Apetinibe 60 caps 430mg &#8211; ClinicMais"},"content":{"rendered":"<p><strong>APETINIBE CLINIC MAIS<\/strong><\/p>\n<p>\u00c9 um suplemento a base de triptofano, batata em p\u00f3 e cromo. Ele contribui com a redu\u00e7\u00e3o do apetite, promove a saciedade e consecutivamente, ajuda no emagrecimento. Ideal a voc\u00ea que est\u00e1 em fase de redu\u00e7\u00e3o alimentar.<\/p>\n<p><strong>BENEF\u00cdCIOS<\/strong><\/p>\n<p>&#8211; redu\u00e7\u00e3o do apetite;<\/p>\n<p>&#8211; promo\u00e7\u00e3o da saciedade;<\/p>\n<p>&#8211; ajuda no emagrecimento;<\/p>\n<p>&#8211; apoia a redu\u00e7\u00e3o alimentar.<\/p>\n<p><strong>SUGEST\u00c3O DE USO<\/strong><\/p>\n<p>Ingerir 2 c\u00e1psulas ao dia. Consumir 1 c\u00e1psula antes do almo\u00e7o e 1 c\u00e1psula antes do jantar. O consumo deste produto deve ser acompanhado pela ingest\u00e3o de \u00e1gua.<\/p>\n<p>&nbsp;<\/p>\n","protected":false},"excerpt":{"rendered":"<p>APETINIBE CLINIC MAIS \u00c9 um suplemento a base de triptofano, batata em p\u00f3 e cromo.<a class=\"read-more\" href=\"https:\/\/www.emporioamazonervas.com.br\/index.php\/produto\/apetinibe-60-capsulas\/\">&#8230;<\/a><\/p>\n","protected":false},"featured_media":2226,"comment_status":"open","ping_status":"closed","template":"","meta":[],"product_cat":[173],"product_tag":[331,516,187,330,514,512,513,515],"_links":{"self":[{"href":"https:\/\/www.emporioamazonervas.com.br\/index.php\/wp-json\/wp\/v2\/product\/1931"}],"collection":[{"href":"https:\/\/www.emporioamazonervas.com.br\/index.php\/wp-json\/wp\/v2\/product"}],"about":[{"href":"https:\/\/www.emporioamazonervas.com.br\/index.php\/wp-json\/wp\/v2\/types\/product"}],"replies":[{"embeddable":true,"href":"https:\/\/www.emporioamazonervas.com.br\/index.php\/wp-json\/wp\/v2\/comments?post=1931"}],"wp:featuredmedia":[{"embeddable":true,"href":"https:\/\/www.emporioamazonervas.com.br\/index.php\/wp-json\/wp\/v2\/media\/2226"}],"wp:attachment":[{"href":"https:\/\/www.emporioamazonervas.com.br\/index.php\/wp-json\/wp\/v2\/media?parent=1931"}],"wp:term":[{"taxonomy":"product_cat","embeddable":true,"href":"https:\/\/www.emporioamazonervas.com.br\/index.php\/wp-json\/wp\/v2\/product_cat?post=1931"},{"taxonomy":"product_tag","embeddable":true,"href":"https:\/\/www.emporioamazonervas.com.br\/index.php\/wp-json\/wp\/v2\/product_tag?post=1931"}],"curies":[{"name":"wp","href":"https:\/\/api.w.org\/{rel}","templated":true}]}}