{"id":1928,"date":"2022-08-26T12:46:00","date_gmt":"2022-08-26T15:46:00","guid":{"rendered":"http:\/\/www.emporioamazonervas.com.br\/?post_type=product&#038;p=1928"},"modified":"2022-09-16T18:15:23","modified_gmt":"2022-09-16T21:15:23","slug":"amora-miura-60-capsulas","status":"publish","type":"product","link":"https:\/\/www.emporioamazonervas.com.br\/index.php\/produto\/amora-miura-60-capsulas\/","title":{"rendered":"Amora Mi\u00fara 60 caps 550mg &#8211; ClinicMais"},"content":{"rendered":"<p><strong>Amora mi\u00fara<\/strong><\/p>\n<p style=\"text-align: justify\">Possui a\u00e7\u00e3o coadjuvante na regula\u00e7\u00e3o dos horm\u00f4nios, sendo esse o seu principal benef\u00edcio. Desta forma, al\u00e9m de poder tratar a irrita\u00e7\u00e3o, ansiedade, nervosismo, dores musculares e nas articula\u00e7\u00f5es, atua com grande efic\u00e1cia nos sintomas da menopausa.<\/p>\n<ul>\n<li style=\"text-align: justify\">Regula os n\u00edveis de horm\u00f4nios;<\/li>\n<li style=\"text-align: justify\">Auxiliar no al\u00edvio das ondas de calor;<\/li>\n<li style=\"text-align: justify\">Coadjuvante na redu\u00e7\u00e3o do estresse e nervosismo;<\/li>\n<li style=\"text-align: justify\">Auxiliar no tratamento da osteoporose;<\/li>\n<li style=\"text-align: justify\">Propriedades anti-inflamat\u00f3ria e diur\u00e9tica;<\/li>\n<li style=\"text-align: justify\">Contribui no controle do colesterol;<\/li>\n<li style=\"text-align: justify\">Auxilia no combate a fadiga e refor\u00e7a o sistema imunol\u00f3gico.<\/li>\n<\/ul>\n","protected":false},"excerpt":{"rendered":"<p>Amora mi\u00fara Possui a\u00e7\u00e3o coadjuvante na regula\u00e7\u00e3o dos horm\u00f4nios, sendo esse o seu principal benef\u00edcio.<a class=\"read-more\" href=\"https:\/\/www.emporioamazonervas.com.br\/index.php\/produto\/amora-miura-60-capsulas\/\">&#8230;<\/a><\/p>\n","protected":false},"featured_media":2225,"comment_status":"open","ping_status":"closed","template":"","meta":[],"product_cat":[173],"product_tag":[507,227,236,509,508,240,317],"_links":{"self":[{"href":"https:\/\/www.emporioamazonervas.com.br\/index.php\/wp-json\/wp\/v2\/product\/1928"}],"collection":[{"href":"https:\/\/www.emporioamazonervas.com.br\/index.php\/wp-json\/wp\/v2\/product"}],"about":[{"href":"https:\/\/www.emporioamazonervas.com.br\/index.php\/wp-json\/wp\/v2\/types\/product"}],"replies":[{"embeddable":true,"href":"https:\/\/www.emporioamazonervas.com.br\/index.php\/wp-json\/wp\/v2\/comments?post=1928"}],"wp:featuredmedia":[{"embeddable":true,"href":"https:\/\/www.emporioamazonervas.com.br\/index.php\/wp-json\/wp\/v2\/media\/2225"}],"wp:attachment":[{"href":"https:\/\/www.emporioamazonervas.com.br\/index.php\/wp-json\/wp\/v2\/media?parent=1928"}],"wp:term":[{"taxonomy":"product_cat","embeddable":true,"href":"https:\/\/www.emporioamazonervas.com.br\/index.php\/wp-json\/wp\/v2\/product_cat?post=1928"},{"taxonomy":"product_tag","embeddable":true,"href":"https:\/\/www.emporioamazonervas.com.br\/index.php\/wp-json\/wp\/v2\/product_tag?post=1928"}],"curies":[{"name":"wp","href":"https:\/\/api.w.org\/{rel}","templated":true}]}}