{"id":1916,"date":"2022-02-16T16:59:58","date_gmt":"2022-02-16T19:59:58","guid":{"rendered":"http:\/\/www.emporioamazonervas.com.br\/?post_type=product&#038;p=1916"},"modified":"2022-12-26T18:27:55","modified_gmt":"2022-12-26T21:27:55","slug":"berinjela-clinicmais-120capsula-500mg","status":"publish","type":"product","link":"https:\/\/www.emporioamazonervas.com.br\/index.php\/produto\/berinjela-clinicmais-120capsula-500mg\/","title":{"rendered":"Berinjela  120 Caps 500mg &#8211; Clinicmais"},"content":{"rendered":"<p>\u2022 Auxilia no controle da saciedade<\/p>\n<p>\u2022 Melhora o funcionamento intestinal devido \u00e0 presen\u00e7a das fibras<\/p>\n<p>\u2022 Contribui para redu\u00e7\u00e3o dos n\u00edveis de a\u00e7\u00facar, colesterol LDL e triglicer\u00eddeos no sangue<\/p>\n<p>\u2022 O grande teor de fibras da berinjela proporciona saciedade e incentiva a atividade intestinal saud\u00e1vel<\/p>\n<p>\u2022 Controle do colesterol<\/p>\n","protected":false},"excerpt":{"rendered":"<p>\u2022 Auxilia no controle da saciedade \u2022 Melhora o funcionamento intestinal devido \u00e0 presen\u00e7a das<a class=\"read-more\" href=\"https:\/\/www.emporioamazonervas.com.br\/index.php\/produto\/berinjela-clinicmais-120capsula-500mg\/\">&#8230;<\/a><\/p>\n","protected":false},"featured_media":2796,"comment_status":"open","ping_status":"closed","template":"","meta":[],"product_cat":[173],"product_tag":[],"_links":{"self":[{"href":"https:\/\/www.emporioamazonervas.com.br\/index.php\/wp-json\/wp\/v2\/product\/1916"}],"collection":[{"href":"https:\/\/www.emporioamazonervas.com.br\/index.php\/wp-json\/wp\/v2\/product"}],"about":[{"href":"https:\/\/www.emporioamazonervas.com.br\/index.php\/wp-json\/wp\/v2\/types\/product"}],"replies":[{"embeddable":true,"href":"https:\/\/www.emporioamazonervas.com.br\/index.php\/wp-json\/wp\/v2\/comments?post=1916"}],"wp:featuredmedia":[{"embeddable":true,"href":"https:\/\/www.emporioamazonervas.com.br\/index.php\/wp-json\/wp\/v2\/media\/2796"}],"wp:attachment":[{"href":"https:\/\/www.emporioamazonervas.com.br\/index.php\/wp-json\/wp\/v2\/media?parent=1916"}],"wp:term":[{"taxonomy":"product_cat","embeddable":true,"href":"https:\/\/www.emporioamazonervas.com.br\/index.php\/wp-json\/wp\/v2\/product_cat?post=1916"},{"taxonomy":"product_tag","embeddable":true,"href":"https:\/\/www.emporioamazonervas.com.br\/index.php\/wp-json\/wp\/v2\/product_tag?post=1916"}],"curies":[{"name":"wp","href":"https:\/\/api.w.org\/{rel}","templated":true}]}}