{"id":1913,"date":"2022-02-16T16:47:35","date_gmt":"2022-02-16T19:47:35","guid":{"rendered":"http:\/\/www.emporioamazonervas.com.br\/?post_type=product&#038;p=1913"},"modified":"2023-02-21T10:04:30","modified_gmt":"2023-02-21T13:04:30","slug":"acido-hialuronico-30capsulas-400mg-clinicmais","status":"publish","type":"product","link":"https:\/\/www.emporioamazonervas.com.br\/index.php\/produto\/acido-hialuronico-30capsulas-400mg-clinicmais\/","title":{"rendered":"Hialuron + \u00c1cido Hialur\u00f4nico 30 caps 400mg Clinicmais"},"content":{"rendered":"<p><strong>Hyaluron + \u00c1cido Hialur\u00f4nico ClinicMais conta com \u00e1cido hialur\u00f4nico, que \u00e9 uma subst\u00e2ncia naturalmente presente no organismo humano, sendo que 56% est\u00e1 na pele. \u00c9 respons\u00e1vel por preencher os espa\u00e7os entre as c\u00e9lulas e \u00e9 bastante utilizada para redu\u00e7\u00e3o de rugas e linhas de express\u00e3o. Al\u00e9m disso, \u00e9 uma mol\u00e9cula capaz de reter alta quantidade de \u00e1gua, mantendo a pele hidratada, firme e lisa.<\/strong><\/p>\n<p>Com fun\u00e7\u00f5es importantes como a produ\u00e7\u00e3o de umidade, este composto auxilia na repara\u00e7\u00e3o de tecidos, segurando juntos o col\u00e1geno e componentes estruturais da pele como a elastina, e ajudando a criar uma barreira protetora contra microorganismos.<\/p>\n<p><strong>Estudos mostram que a utiliza\u00e7\u00e3o do \u00e1cido hialur\u00f4nico para a reposi\u00e7\u00e3o em nosso organismo, ajuda na repara\u00e7\u00e3o dos tecidos, no est\u00edmulo do col\u00e1geno e na umidade da pele, promovendo uma hidrata\u00e7\u00e3o profunda e restaurando a pele facial, alcan\u00e7ando assim, o efeito antienvelhecimento.\u00a0<\/strong><\/p>\n<ul>\n<li>Facilita a cicatriza\u00e7\u00e3o, hidrata\u00e7\u00e3o e elimina\u00e7\u00e3o de res\u00edduos de toxinas nas c\u00e9lulas da pele;<\/li>\n<li>Ajuda na preven\u00e7\u00e3o da desidrata\u00e7\u00e3o cut\u00e2nea conferindo maciez, elasticidade e tonicidade a pele;<\/li>\n<li>Promove a regenera\u00e7\u00e3o da pele, minimizando rugas e manchas;<\/li>\n<li>Facilita o transporte de nutrientes para as c\u00e9lulas.<\/li>\n<li>Retarda os sinais de envelhecimento;<\/li>\n<li>Alivia dores articulares, melhorando a lubrifica\u00e7\u00e3o das articula\u00e7\u00f5es.<\/li>\n<\/ul>\n","protected":false},"excerpt":{"rendered":"<p>BENEF\u00cdCIOS:<br \/>\n&#8211; Facilita a cicatriza\u00e7\u00e3o, hidrata\u00e7\u00e3o e elimina\u00e7\u00e3o de res\u00edduos de toxinas nas c\u00e9lulas da pele;<br \/>\n&#8211; Ajuda na preven\u00e7\u00e3o da desidrata\u00e7\u00e3o cut\u00e2nea conferindo maciez, elasticidade e tonicidade a pele.<br \/>\n&#8211; Promove a regenera\u00e7\u00e3o da pele, minimizando rugas e manchas;<br \/>\n&#8211; Auxilia na lubrifica\u00e7\u00e3o das articula\u00e7\u00f5es;<br \/>\n&#8211; Facilita o transporte de nutrientes para as c\u00e9lulas.<br \/>\n&#8211; Retarda os sinais de envelhecimento.<\/p>\n","protected":false},"featured_media":2376,"comment_status":"open","ping_status":"closed","template":"","meta":[],"product_cat":[173],"product_tag":[542,638,602,593,773,556],"_links":{"self":[{"href":"https:\/\/www.emporioamazonervas.com.br\/index.php\/wp-json\/wp\/v2\/product\/1913"}],"collection":[{"href":"https:\/\/www.emporioamazonervas.com.br\/index.php\/wp-json\/wp\/v2\/product"}],"about":[{"href":"https:\/\/www.emporioamazonervas.com.br\/index.php\/wp-json\/wp\/v2\/types\/product"}],"replies":[{"embeddable":true,"href":"https:\/\/www.emporioamazonervas.com.br\/index.php\/wp-json\/wp\/v2\/comments?post=1913"}],"wp:featuredmedia":[{"embeddable":true,"href":"https:\/\/www.emporioamazonervas.com.br\/index.php\/wp-json\/wp\/v2\/media\/2376"}],"wp:attachment":[{"href":"https:\/\/www.emporioamazonervas.com.br\/index.php\/wp-json\/wp\/v2\/media?parent=1913"}],"wp:term":[{"taxonomy":"product_cat","embeddable":true,"href":"https:\/\/www.emporioamazonervas.com.br\/index.php\/wp-json\/wp\/v2\/product_cat?post=1913"},{"taxonomy":"product_tag","embeddable":true,"href":"https:\/\/www.emporioamazonervas.com.br\/index.php\/wp-json\/wp\/v2\/product_tag?post=1913"}],"curies":[{"name":"wp","href":"https:\/\/api.w.org\/{rel}","templated":true}]}}