{"id":1909,"date":"2022-02-16T16:30:11","date_gmt":"2022-02-16T19:30:11","guid":{"rendered":"http:\/\/www.emporioamazonervas.com.br\/?post_type=product&#038;p=1909"},"modified":"2022-09-20T17:29:01","modified_gmt":"2022-09-20T20:29:01","slug":"cogumelo-e-geleia-real-clinicmais-100cap-450mg","status":"publish","type":"product","link":"https:\/\/www.emporioamazonervas.com.br\/index.php\/produto\/cogumelo-e-geleia-real-clinicmais-100cap-450mg\/","title":{"rendered":"Geleia Real + Herba Ginkgo 60 caps 500mg &#8211; Clinicmais"},"content":{"rendered":"<p style=\"text-align: justify\">Promove longevidade e sa\u00fade mental, melhorando a mem\u00f3ria e as fun\u00e7\u00f5es cognitivas.<\/p>\n<p style=\"text-align: justify\">Antioxidante que minimiza a a\u00e7\u00e3o dos radicais livres respons\u00e1veis pelo envelhecimento cerebral precoce.<\/p>\n<p>&nbsp;<\/p>\n<p>&nbsp;<\/p>\n","protected":false},"excerpt":{"rendered":"<p>Promove longevidade e sa\u00fade mental, melhorando a mem\u00f3ria e as fun\u00e7\u00f5es cognitivas. Antioxidante que minimiza<a class=\"read-more\" href=\"https:\/\/www.emporioamazonervas.com.br\/index.php\/produto\/cogumelo-e-geleia-real-clinicmais-100cap-450mg\/\">&#8230;<\/a><\/p>\n","protected":false},"featured_media":2264,"comment_status":"open","ping_status":"closed","template":"","meta":[],"product_cat":[173],"product_tag":[316,669,574,666,667,249,520,668],"_links":{"self":[{"href":"https:\/\/www.emporioamazonervas.com.br\/index.php\/wp-json\/wp\/v2\/product\/1909"}],"collection":[{"href":"https:\/\/www.emporioamazonervas.com.br\/index.php\/wp-json\/wp\/v2\/product"}],"about":[{"href":"https:\/\/www.emporioamazonervas.com.br\/index.php\/wp-json\/wp\/v2\/types\/product"}],"replies":[{"embeddable":true,"href":"https:\/\/www.emporioamazonervas.com.br\/index.php\/wp-json\/wp\/v2\/comments?post=1909"}],"wp:featuredmedia":[{"embeddable":true,"href":"https:\/\/www.emporioamazonervas.com.br\/index.php\/wp-json\/wp\/v2\/media\/2264"}],"wp:attachment":[{"href":"https:\/\/www.emporioamazonervas.com.br\/index.php\/wp-json\/wp\/v2\/media?parent=1909"}],"wp:term":[{"taxonomy":"product_cat","embeddable":true,"href":"https:\/\/www.emporioamazonervas.com.br\/index.php\/wp-json\/wp\/v2\/product_cat?post=1909"},{"taxonomy":"product_tag","embeddable":true,"href":"https:\/\/www.emporioamazonervas.com.br\/index.php\/wp-json\/wp\/v2\/product_tag?post=1909"}],"curies":[{"name":"wp","href":"https:\/\/api.w.org\/{rel}","templated":true}]}}