{"id":1906,"date":"2022-02-16T16:24:45","date_gmt":"2022-02-16T19:24:45","guid":{"rendered":"http:\/\/www.emporioamazonervas.com.br\/?post_type=product&#038;p=1906"},"modified":"2022-10-25T12:44:03","modified_gmt":"2022-10-25T15:44:03","slug":"curcuma-60cap-500mg-videira7","status":"publish","type":"product","link":"https:\/\/www.emporioamazonervas.com.br\/index.php\/produto\/curcuma-60cap-500mg-videira7\/","title":{"rendered":"C\u00farcuma 60 caps 500mg &#8211; Videira7"},"content":{"rendered":"<p style=\"text-align: justify\">A c\u00farcuma tem alto poder antioxidante e anti-inflamat\u00f3rio, os quais geram outras fun\u00e7\u00f5es antioxidantes fortalecendo o sistema imunol\u00f3gico. Auxilia na perca de peso, melhora a digest\u00e3o e alivia os sintomas de tens\u00e3o pr\u00e9-menstrual.<\/p>\n<p style=\"text-align: justify\">Recomenda\u00e7\u00e3o de Uso: Consumir 1 capsulas por dia.<\/p>\n<p style=\"text-align: justify\">N\u00c3O CONT\u00c9M GL\u00daTEN.<\/p>\n","protected":false},"excerpt":{"rendered":"<p>O a\u00e7afr\u00e3o possui propriedades anti-inflamat\u00f3ria, antioxidante, antibacteriana e digestiva. Tendo diversos benef\u00edcios como: combate a gripe, aumenta a imunidade, desintoxica e trata problemas de f\u00edgado, e regula os n\u00edveis de colesterol. Al\u00e9m de aliviar inflama\u00e7\u00f5es da pele, como: eczema, acne ou psor\u00edase. Previne o envelhecimento precoce e ajuda na perca de peso.<\/p>\n","protected":false},"featured_media":2374,"comment_status":"open","ping_status":"closed","template":"","meta":[],"product_cat":[173],"product_tag":[507,316,528,508,529,530],"_links":{"self":[{"href":"https:\/\/www.emporioamazonervas.com.br\/index.php\/wp-json\/wp\/v2\/product\/1906"}],"collection":[{"href":"https:\/\/www.emporioamazonervas.com.br\/index.php\/wp-json\/wp\/v2\/product"}],"about":[{"href":"https:\/\/www.emporioamazonervas.com.br\/index.php\/wp-json\/wp\/v2\/types\/product"}],"replies":[{"embeddable":true,"href":"https:\/\/www.emporioamazonervas.com.br\/index.php\/wp-json\/wp\/v2\/comments?post=1906"}],"wp:featuredmedia":[{"embeddable":true,"href":"https:\/\/www.emporioamazonervas.com.br\/index.php\/wp-json\/wp\/v2\/media\/2374"}],"wp:attachment":[{"href":"https:\/\/www.emporioamazonervas.com.br\/index.php\/wp-json\/wp\/v2\/media?parent=1906"}],"wp:term":[{"taxonomy":"product_cat","embeddable":true,"href":"https:\/\/www.emporioamazonervas.com.br\/index.php\/wp-json\/wp\/v2\/product_cat?post=1906"},{"taxonomy":"product_tag","embeddable":true,"href":"https:\/\/www.emporioamazonervas.com.br\/index.php\/wp-json\/wp\/v2\/product_tag?post=1906"}],"curies":[{"name":"wp","href":"https:\/\/api.w.org\/{rel}","templated":true}]}}