{"id":1904,"date":"2022-02-16T16:12:39","date_gmt":"2022-02-16T19:12:39","guid":{"rendered":"http:\/\/www.emporioamazonervas.com.br\/?post_type=product&#038;p=1904"},"modified":"2022-11-08T16:35:41","modified_gmt":"2022-11-08T19:35:41","slug":"acido-hialuronicocolageno-hidrolisado-ccoenzima-q10-e-biotina-60capsulas-de-500mg","status":"publish","type":"product","link":"https:\/\/www.emporioamazonervas.com.br\/index.php\/produto\/acido-hialuronicocolageno-hidrolisado-ccoenzima-q10-e-biotina-60capsulas-de-500mg\/","title":{"rendered":"\u00c1cido Hialur\u00f4nico+Col\u00e1geno hidrolisado C\/ Coen. Q10 e Biotina 60 caps &#8211; Videira 7"},"content":{"rendered":"<p style=\"text-align: justify\">\u00c9 um suplemento alimentar em c\u00e1psulas, que foi desenvolvido para potencializar a sa\u00fade da pele, cabelos e unha e auxiliar a combater o envelhecimento precoce. \u00c9 um composto 100% IDR, rico em Biotina e sem gl\u00faten.<\/p>\n<p style=\"text-align: justify\">Benef\u00edcios:<\/p>\n<ul>\n<li style=\"text-align: justify\">Sa\u00fade da pele;<\/li>\n<li style=\"text-align: justify\">sa\u00fade dos cabelos;<\/li>\n<li style=\"text-align: justify\">sa\u00fade das unhas;<\/li>\n<li style=\"text-align: justify\">combate o envelhecimento precoce.<\/li>\n<\/ul>\n","protected":false},"excerpt":{"rendered":"<p style=\"text-align: justify\">Sua pele com mais elasticidade, firmeza e hidrata\u00e7\u00e3o;<br \/>\nDiminui a queda dos cabelos deixando-os mais fortes e brilhosos;<br \/>\nFortalece as unhas deixando-as mais resistentes.<\/p>\n","protected":false},"featured_media":2448,"comment_status":"open","ping_status":"closed","template":"","meta":[],"product_cat":[173],"product_tag":[542,308,652,786,593,795,556,555,557],"_links":{"self":[{"href":"https:\/\/www.emporioamazonervas.com.br\/index.php\/wp-json\/wp\/v2\/product\/1904"}],"collection":[{"href":"https:\/\/www.emporioamazonervas.com.br\/index.php\/wp-json\/wp\/v2\/product"}],"about":[{"href":"https:\/\/www.emporioamazonervas.com.br\/index.php\/wp-json\/wp\/v2\/types\/product"}],"replies":[{"embeddable":true,"href":"https:\/\/www.emporioamazonervas.com.br\/index.php\/wp-json\/wp\/v2\/comments?post=1904"}],"wp:featuredmedia":[{"embeddable":true,"href":"https:\/\/www.emporioamazonervas.com.br\/index.php\/wp-json\/wp\/v2\/media\/2448"}],"wp:attachment":[{"href":"https:\/\/www.emporioamazonervas.com.br\/index.php\/wp-json\/wp\/v2\/media?parent=1904"}],"wp:term":[{"taxonomy":"product_cat","embeddable":true,"href":"https:\/\/www.emporioamazonervas.com.br\/index.php\/wp-json\/wp\/v2\/product_cat?post=1904"},{"taxonomy":"product_tag","embeddable":true,"href":"https:\/\/www.emporioamazonervas.com.br\/index.php\/wp-json\/wp\/v2\/product_tag?post=1904"}],"curies":[{"name":"wp","href":"https:\/\/api.w.org\/{rel}","templated":true}]}}